{"id":11989,"date":"2017-04-12T17:55:35","date_gmt":"2017-04-12T17:55:35","guid":{"rendered":"https:\/\/consulting.vamtam.com\/?page_id=11989"},"modified":"2024-04-03T15:40:42","modified_gmt":"2024-04-03T15:40:42","slug":"central-purchasing","status":"publish","type":"page","link":"https:\/\/central-purchasing.com\/en\/","title":{"rendered":"Central Purchasing"},"content":{"rendered":"<div class=\"vgblk-rw-wrapper limit-wrapper\">\n<h4>\n\tReduce your costs \n\t<\/h4>\n\t<p>optimization of administrative processing costs, consolidation of purchases, reduction of your investments.<\/p>\n<h4>\n\tGain productivity \n\t<\/h4>\n\t<p>strengthened purchasing governance rules and internal teams refocused on strategic purchasing.<\/p>\n<h4>\n\tGain efficiency \n\t<\/h4>\n\t<p>des processus achats maitris\u00e9s, des d\u00e9lais de consultation optimis\u00e9s et la transparence \u00e0 chaque \u00e9tape de votre processus d&rsquo;approvisionnement.<\/p>\n<h4>\n\tGain security \n\t<\/h4>\n\t<p>un cash-flow ma\u00eetris\u00e9, une tra\u00e7abilit\u00e9 en temps r\u00e9el et une parfaite gestion des risques sur les faibles valeurs de l&rsquo;entreprise.<\/p>\n\t<a href=\"https:\/\/central-purchasing.com\/en\/a-propos-de-nous\/\" target=\"_self\" role=\"button\" rel=\"noopener\">\n\t\t\t\t\tSee more\n\t<\/a>\n<h2>\n\tPresentation\n\t<\/h2>\n\t<p>CENTRAL PURCHASING SARL est une soci\u00e9t\u00e9 sp\u00e9cialis\u00e9e dans l&rsquo;externalisation des achats et des approvisionnements de produits non strat\u00e9giques, excluant la production. Notre priorit\u00e9 est votre satisfaction. Nous nous positionnons en tant que partenaire engag\u00e9 qui partage vos enjeux et vise \u00e0 optimiser vos achats et vos approvisionnements. Nous mettons tout en \u0153uvre pour r\u00e9pondre \u00e0 vos besoins de mani\u00e8re efficace et vous offrir des solutions adapt\u00e9es \u00e0 vos exigences sp\u00e9cifiques. Faites confiance \u00e0 CENTRAL PURCHASING SARL pour simplifier et am\u00e9liorer votre processus d&rsquo;approvisionnement.<\/p>\n<h2>\n\tYou are <br \/> Members?\n\t<\/h2>\n\t<p>PME CENTRALE vous permet de b\u00e9n\u00e9ficier de conditions d&rsquo;achats avantageuses sur vos produits ou services non strat\u00e9giques.<\/p>\n\t<a href=\"https:\/\/central-purchasing.com\/en\/a-propos-de-nous\/\" target=\"_self\" role=\"button\" rel=\"noopener\">\n\t\t\t\t\tLearn more\n\t<\/a>\n<h2>\n\tYou are <br \/>Suppliers?\n\t<\/h2>\n\t<p>CENTRAL PURCHASING\u00a0 vous apporte la garantie d&rsquo;une relation de proximit\u00e9 avec ses adh\u00e9rents qui s&rsquo;impliquent dans la vie du r\u00e9seau.<\/p>\n\t<a href=\"https:\/\/central-purchasing.com\/en\/a-propos-de-nous\/\" target=\"_self\" role=\"button\" rel=\"noopener\">\n\t\t\t\t\tLearn more\n\t<\/a>\n<h2>\n\tOUR SERVICES\n\t<\/h2>\n<h4>\n\t\t\t<a href=\"https:\/\/central-purchasing.com\/en\/centrale-dachat\/\" title=\"Centrale d'achat\" target=\"_self\" rel=\"noopener\">\n\tCentrale d&rsquo;achat\n\t\t\t<\/a>\n\t<\/h4>\n\t<p>Notre service de centrale d&rsquo;achat s&rsquo;\u00e9tend bien au-del\u00e0 de la simple transaction .<\/p>\n<h4>\n\t\t\t<a href=\"https:\/\/central-purchasing.com\/en\/externalisation-des-achats\/\" title=\"Outsourcing of purchasing\" target=\"_self\" rel=\"noopener\">\n\tOutsourcing of purchasing\n\t\t\t<\/a>\n\t<\/h4>\n\t<p>strengthened purchasing governance rules and internal teams refocused on strategic purchasing.<\/p>\n<h4>\n\t\t\t<a href=\"https:\/\/central-purchasing.com\/en\/referencement-fournisseur\/\" title=\"Supplier referencing\" target=\"_self\" rel=\"noopener\">\n\tSupplier referencing\n\t\t\t<\/a>\n\t<\/h4>\n\t<p>Notre service de r\u00e9f\u00e9rencement fournisseur optimise votre cha\u00eene d&rsquo;approvisionnement en vous connectant avec les meilleurs producteurs et distributeurs du secteur.<\/p>\n<h4>\n\t\t\t<a href=\"https:\/\/central-purchasing.com\/en\/service-generaux-maintenance-et-entretien\/\" title=\"General Maintenance and Upkeep Services\" target=\"_self\" rel=\"noopener\">\n\tGeneral Maintenance and Upkeep Services\n\t\t\t<\/a>\n\t<\/h4>\n\t<p>Chaque entreprise est unique, et nos programmes d&rsquo;entretien sont personnalis\u00e9s pour r\u00e9pondre \u00e0 vos besoins sp\u00e9cifiques.<\/p>\n<h4>\n\t\t\t<a href=\"https:\/\/central-purchasing.com\/en\/gestion-des-projets\/\" title=\"Project management\" target=\"_self\" rel=\"noopener\">\n\tProject management\n\t\t\t<\/a>\n\t<\/h4>\n\t<p>We view each investment as a step towards sustainable growth for our clients.<\/p>\n<h4>\n\t\t\t<a href=\"https:\/\/central-purchasing.com\/en\/achats-durables\/\" title=\"Sustainable Purchasing\" target=\"_self\" rel=\"noopener\">\n\tSustainable Purchasing\n\t\t\t<\/a>\n\t<\/h4>\n\t<p>Adopter des pratiques d&rsquo;achats durables avec CENTRAL PURCHASING SARL n&rsquo;est pas seulement un choix \u00e9thique mais aussi \u00e9conomique.<\/p>\n<h2>\n\tConnaissances\n\t<\/h2>\n\t<h4>Subscribe for the latest topics<\/h4>\n<p>Working from home meant we could vary snacks and coffee breaks.<\/p>\n\t<table>\n<tbody id=\"the-list\" data-wp-lists=\"list:form\">\n<tr>\n<td data-colname=\"Shortcode\"><div class=\"wpforms-container wpforms-render-modern\" id=\"wpforms-987984\"><form id=\"wpforms-form-987984\" class=\"wpforms-validate wpforms-form wpforms-ajax-form\" data-formid=\"987984\" method=\"post\" enctype=\"multipart\/form-data\" action=\"\/en\/wp-json\/wp\/v2\/pages\/11989\" data-token=\"bcc3946c512c77a7a8e7331e4fb55736\" data-trp-original-action=\"\/en\/wp-json\/wp\/v2\/pages\/11989\"><noscript class=\"wpforms-error-noscript\">Please enable JavaScript in your browser to complete this form.<\/noscript><div class=\"wpforms-hidden\" id=\"wpforms-error-noscript\">Please enable JavaScript in your browser to complete this form.<\/div><div class=\"wpforms-field-container\"><div id=\"wpforms-987984-field_3-container\" class=\"wpforms-field wpforms-field-text\" data-field-id=\"3\"><label class=\"wpforms-field-label wpforms-label-hide\" for=\"wpforms-987984-field_3\" aria-hidden=\"false\">Single Line Text<\/label><input type=\"text\" id=\"wpforms-987984-field_3\" class=\"wpforms-field-large\" name=\"wpforms[fields][3]\" placeholder=\"Full Name\" aria-errormessage=\"wpforms-987984-field_3-error\" ><\/div><div id=\"wpforms-987984-field_2-container\" class=\"wpforms-field wpforms-field-email\" data-field-id=\"2\"><label class=\"wpforms-field-label wpforms-label-hide\" for=\"wpforms-987984-field_2\" aria-hidden=\"false\">Email <span class=\"wpforms-required-label\" aria-hidden=\"true\">*<\/span><\/label><input type=\"email\" id=\"wpforms-987984-field_2\" class=\"wpforms-field-large wpforms-field-required\" name=\"wpforms[fields][2]\" placeholder=\"Email\" spellcheck=\"false\" aria-errormessage=\"wpforms-987984-field_2-error\" required><\/div><\/div><!-- .wpforms-field-container --><div class=\"wpforms-submit-container\" ><input type=\"hidden\" name=\"wpforms[id]\" value=\"987984\"><input type=\"hidden\" name=\"wpforms[author]\" value=\"1\"><button type=\"submit\" name=\"wpforms[submit]\" id=\"wpforms-submit-987984\" class=\"wpforms-submit\" data-alt-text=\"Sending...\" data-submit-text=\"Abonnez-vous\" aria-live=\"assertive\" value=\"wpforms-submit\">Subscribe<\/button><img loading=\"lazy\" decoding=\"async\" src=\"https:\/\/central-purchasing.com\/wp-content\/plugins\/wpforms\/assets\/images\/submit-spin.svg\" class=\"wpforms-submit-spinner\" style=\"display: none;\" width=\"26\" height=\"26\" alt=\"Loading\"><\/div><input type=\"hidden\" name=\"trp-form-language\" value=\"en\"\/><\/form><\/div>  <!-- .wpforms-container --><\/td>\n<\/tr>\n<\/tbody>\n<\/table>\n\t\t\t\t<a href=\"#\" target=\"_self\" itemprop=\"url\" rel=\"noopener\">\n\t\t\t\t\t\t\t<img loading=\"lazy\" decoding=\"async\" src=\"https:\/\/central-purchasing.com\/wp-content\/uploads\/2016\/12\/envato-logo-01.svg\" alt=\"envato-logo-01\" itemprop=\"image\" height=\"0\" width=\"0\" data-link-type=\"url\" title=\"envato-logo-01\" onerror=\"this.style.display='none'\" \/>\t\t\t\t\t\t<\/a>\n\t\t\t\t<a href=\"#\" target=\"_self\" itemprop=\"url\" rel=\"noopener\">\n\t\t\t\t\t\t\t<img loading=\"lazy\" decoding=\"async\" src=\"https:\/\/central-purchasing.com\/wp-content\/uploads\/2016\/12\/appstorm-logo-envato-01.svg\" alt=\"appstorm-logo-envato-01\" itemprop=\"image\" height=\"0\" width=\"0\" data-link-type=\"url\" title=\"appstorm-logo-envato-01\" onerror=\"this.style.display='none'\" \/>\t\t\t\t\t\t<\/a>\n\t\t\t\t<a href=\"#\" target=\"_self\" itemprop=\"url\" rel=\"noopener\">\n\t\t\t\t\t\t\t<img loading=\"lazy\" decoding=\"async\" src=\"https:\/\/central-purchasing.com\/wp-content\/uploads\/2016\/12\/pixeden-logo-envato-01.svg\" alt=\"pixeden-logo-envato-01\" itemprop=\"image\" height=\"0\" width=\"0\" data-link-type=\"url\" title=\"pixeden-logo-envato-01\" onerror=\"this.style.display='none'\" \/>\t\t\t\t\t\t<\/a>\n\t\t\t\t<a href=\"#\" target=\"_self\" itemprop=\"url\" rel=\"noopener\">\n\t\t\t\t\t\t\t<img loading=\"lazy\" decoding=\"async\" src=\"https:\/\/central-purchasing.com\/wp-content\/uploads\/2016\/12\/envato-logo-01.svg\" alt=\"envato-logo-01\" itemprop=\"image\" height=\"0\" width=\"0\" data-link-type=\"url\" title=\"envato-logo-01\" onerror=\"this.style.display='none'\" \/>\t\t\t\t\t\t<\/a>\n\t\t\t\t<a href=\"#\" target=\"_self\" itemprop=\"url\" rel=\"noopener\">\n\t\t\t\t\t\t\t<img loading=\"lazy\" decoding=\"async\" src=\"https:\/\/central-purchasing.com\/wp-content\/uploads\/2016\/12\/appstorm-logo-envato-01.svg\" alt=\"appstorm-logo-envato-01\" itemprop=\"image\" height=\"0\" width=\"0\" data-link-type=\"url\" title=\"appstorm-logo-envato-01\" onerror=\"this.style.display='none'\" \/>\t\t\t\t\t\t<\/a>\n\t\t\t\t<a href=\"#\" target=\"_self\" itemprop=\"url\" rel=\"noopener\">\n\t\t\t\t\t\t\t<img loading=\"lazy\" decoding=\"async\" src=\"https:\/\/central-purchasing.com\/wp-content\/uploads\/2016\/12\/pixeden-logo-envato-01.svg\" alt=\"pixeden-logo-envato-01\" itemprop=\"image\" height=\"0\" width=\"0\" data-link-type=\"url\" title=\"pixeden-logo-envato-01\" onerror=\"this.style.display='none'\" \/>\t\t\t\t\t\t<\/a>\n\t\t\t\t<a href=\"#\" target=\"_self\" itemprop=\"url\" rel=\"noopener\">\n\t\t\t\t\t\t\t<img loading=\"lazy\" decoding=\"async\" src=\"https:\/\/central-purchasing.com\/wp-content\/uploads\/2016\/12\/envato-logo-01.svg\" alt=\"envato-logo-01\" itemprop=\"image\" height=\"0\" width=\"0\" data-link-type=\"url\" title=\"envato-logo-01\" onerror=\"this.style.display='none'\" \/>\t\t\t\t\t\t<\/a>\n\t\t\t\t<a href=\"#\" target=\"_self\" itemprop=\"url\" rel=\"noopener\">\n\t\t\t\t\t\t\t<img loading=\"lazy\" decoding=\"async\" src=\"https:\/\/central-purchasing.com\/wp-content\/uploads\/2016\/12\/appstorm-logo-envato-01.svg\" alt=\"appstorm-logo-envato-01\" itemprop=\"image\" height=\"0\" width=\"0\" data-link-type=\"url\" title=\"appstorm-logo-envato-01\" onerror=\"this.style.display='none'\" \/>\t\t\t\t\t\t<\/a>\n\n<\/div><!-- .vgblk-rw-wrapper -->","protected":false},"excerpt":{"rendered":"<p>R\u00e9duisez vos co\u00fbts optimisation des co\u00fbts de traitement administratifs, massification des achats, r\u00e9duction de vos investissements. Gagnez en productivit\u00e9 des r\u00e8gles de gouvernance achats renforc\u00e9es et des \u00e9quipes internes recentr\u00e9es&#8230;<\/p>","protected":false},"author":1,"featured_media":0,"parent":0,"menu_order":0,"comment_status":"closed","ping_status":"closed","template":"","meta":{"inline_featured_image":false,"_price":"","_stock":"","_tribe_ticket_header":"","_tribe_default_ticket_provider":"","_tribe_ticket_capacity":"0","_ticket_start_date":"","_ticket_end_date":"","_tribe_ticket_show_description":"","_tribe_ticket_show_not_going":false,"_tribe_ticket_use_global_stock":"","_tribe_ticket_global_stock_level":"","_global_stock_mode":"","_global_stock_cap":"","_tribe_rsvp_for_event":"","_tribe_ticket_going_count":"","_tribe_ticket_not_going_count":"","_tribe_tickets_list":[],"_tribe_ticket_has_attendee_info_fields":false,"footnotes":""},"class_list":["post-11989","page","type-page","status-publish","hentry"],"yoast_head":"<!-- This site is optimized with the Yoast SEO plugin v20.8 - https:\/\/yoast.com\/wordpress\/plugins\/seo\/ -->\n<title>Central Purchasing - Streamlining Your Procurement Process, Ensuring Your Satisfaction<\/title>\n<meta name=\"robots\" content=\"index, follow, max-snippet:-1, max-image-preview:large, max-video-preview:-1\" \/>\n<link rel=\"canonical\" href=\"https:\/\/central-purchasing.com\/en\/\" \/>\n<meta property=\"og:locale\" content=\"en_US\" \/>\n<meta property=\"og:type\" content=\"article\" \/>\n<meta property=\"og:title\" content=\"Central Purchasing - Streamlining Your Procurement Process, Ensuring Your Satisfaction\" \/>\n<meta property=\"og:description\" content=\"R\u00e9duisez vos co\u00fbts optimisation des co\u00fbts de traitement administratifs, massification des achats, r\u00e9duction de vos investissements. Gagnez en productivit\u00e9 des r\u00e8gles de gouvernance achats renforc\u00e9es et des \u00e9quipes internes recentr\u00e9es...\" \/>\n<meta property=\"og:url\" content=\"https:\/\/central-purchasing.com\/en\/\" \/>\n<meta property=\"og:site_name\" content=\"- Streamlining Your Procurement Process, Ensuring Your Satisfaction\" \/>\n<meta property=\"article:modified_time\" content=\"2024-04-03T15:40:42+00:00\" \/>\n<meta property=\"og:image\" content=\"https:\/\/central-purchasing.com\/wp-content\/uploads\/2016\/12\/envato-logo-01.svg\" \/>\n<meta name=\"twitter:card\" content=\"summary_large_image\" \/>\n<meta name=\"twitter:label1\" content=\"Est. reading time\" \/>\n\t<meta name=\"twitter:data1\" content=\"2 minutes\" \/>\n<script type=\"application\/ld+json\" class=\"yoast-schema-graph\">{\"@context\":\"https:\/\/schema.org\",\"@graph\":[{\"@type\":\"WebPage\",\"@id\":\"https:\/\/central-purchasing.com\/\",\"url\":\"https:\/\/central-purchasing.com\/\",\"name\":\"Central Purchasing - Streamlining Your Procurement Process, Ensuring Your Satisfaction\",\"isPartOf\":{\"@id\":\"https:\/\/central-purchasing.com\/#website\"},\"datePublished\":\"2017-04-12T17:55:35+00:00\",\"dateModified\":\"2024-04-03T15:40:42+00:00\",\"breadcrumb\":{\"@id\":\"https:\/\/central-purchasing.com\/#breadcrumb\"},\"inLanguage\":\"en-US\",\"potentialAction\":[{\"@type\":\"ReadAction\",\"target\":[\"https:\/\/central-purchasing.com\/\"]}]},{\"@type\":\"BreadcrumbList\",\"@id\":\"https:\/\/central-purchasing.com\/#breadcrumb\",\"itemListElement\":[{\"@type\":\"ListItem\",\"position\":1,\"name\":\"Home\",\"item\":\"https:\/\/central-purchasing.com\/\"},{\"@type\":\"ListItem\",\"position\":2,\"name\":\"Central Purchasing\"}]},{\"@type\":\"WebSite\",\"@id\":\"https:\/\/central-purchasing.com\/#website\",\"url\":\"https:\/\/central-purchasing.com\/\",\"name\":\"- Streamlining Your Procurement Process, Ensuring Your Satisfaction\",\"description\":\"\",\"publisher\":{\"@id\":\"https:\/\/central-purchasing.com\/#organization\"},\"potentialAction\":[{\"@type\":\"SearchAction\",\"target\":{\"@type\":\"EntryPoint\",\"urlTemplate\":\"https:\/\/central-purchasing.com\/?s={search_term_string}\"},\"query-input\":\"required name=search_term_string\"}],\"inLanguage\":\"en-US\"},{\"@type\":\"Organization\",\"@id\":\"https:\/\/central-purchasing.com\/#organization\",\"name\":\"- Streamlining Your Procurement Process, Ensuring Your Satisfaction\",\"url\":\"https:\/\/central-purchasing.com\/\",\"logo\":{\"@type\":\"ImageObject\",\"inLanguage\":\"en-US\",\"@id\":\"https:\/\/central-purchasing.com\/#\/schema\/logo\/image\/\",\"url\":\"https:\/\/central-purchasing.com\/wp-content\/uploads\/2024\/03\/cropped-logo-pur-1.png\",\"contentUrl\":\"https:\/\/central-purchasing.com\/wp-content\/uploads\/2024\/03\/cropped-logo-pur-1.png\",\"width\":407,\"height\":170,\"caption\":\"-  Streamlining Your Procurement Process, Ensuring Your Satisfaction\"},\"image\":{\"@id\":\"https:\/\/central-purchasing.com\/#\/schema\/logo\/image\/\"}}]}<\/script>\n<!-- \/ Yoast SEO plugin. -->","yoast_head_json":{"title":"Central Purchasing - Streamlining Your Procurement Process, Ensuring Your Satisfaction","robots":{"index":"index","follow":"follow","max-snippet":"max-snippet:-1","max-image-preview":"max-image-preview:large","max-video-preview":"max-video-preview:-1"},"canonical":"https:\/\/central-purchasing.com\/en\/","og_locale":"en_US","og_type":"article","og_title":"Central Purchasing - Streamlining Your Procurement Process, Ensuring Your Satisfaction","og_description":"R\u00e9duisez vos co\u00fbts optimisation des co\u00fbts de traitement administratifs, massification des achats, r\u00e9duction de vos investissements. Gagnez en productivit\u00e9 des r\u00e8gles de gouvernance achats renforc\u00e9es et des \u00e9quipes internes recentr\u00e9es...","og_url":"https:\/\/central-purchasing.com\/en\/","og_site_name":"- Streamlining Your Procurement Process, Ensuring Your Satisfaction","article_modified_time":"2024-04-03T15:40:42+00:00","og_image":[{"url":"https:\/\/central-purchasing.com\/wp-content\/uploads\/2016\/12\/envato-logo-01.svg"}],"twitter_card":"summary_large_image","twitter_misc":{"Est. reading time":"2 minutes"},"schema":{"@context":"https:\/\/schema.org","@graph":[{"@type":"WebPage","@id":"https:\/\/central-purchasing.com\/","url":"https:\/\/central-purchasing.com\/","name":"Central Purchasing - Streamlining Your Procurement Process, Ensuring Your Satisfaction","isPartOf":{"@id":"https:\/\/central-purchasing.com\/#website"},"datePublished":"2017-04-12T17:55:35+00:00","dateModified":"2024-04-03T15:40:42+00:00","breadcrumb":{"@id":"https:\/\/central-purchasing.com\/#breadcrumb"},"inLanguage":"en-US","potentialAction":[{"@type":"ReadAction","target":["https:\/\/central-purchasing.com\/"]}]},{"@type":"BreadcrumbList","@id":"https:\/\/central-purchasing.com\/#breadcrumb","itemListElement":[{"@type":"ListItem","position":1,"name":"Home","item":"https:\/\/central-purchasing.com\/"},{"@type":"ListItem","position":2,"name":"Central Purchasing"}]},{"@type":"WebSite","@id":"https:\/\/central-purchasing.com\/#website","url":"https:\/\/central-purchasing.com\/","name":"- Streamlining Your Procurement Process, Ensuring Your Satisfaction","description":"","publisher":{"@id":"https:\/\/central-purchasing.com\/#organization"},"potentialAction":[{"@type":"SearchAction","target":{"@type":"EntryPoint","urlTemplate":"https:\/\/central-purchasing.com\/?s={search_term_string}"},"query-input":"required name=search_term_string"}],"inLanguage":"en-US"},{"@type":"Organization","@id":"https:\/\/central-purchasing.com\/#organization","name":"- Streamlining Your Procurement Process, Ensuring Your Satisfaction","url":"https:\/\/central-purchasing.com\/","logo":{"@type":"ImageObject","inLanguage":"en-US","@id":"https:\/\/central-purchasing.com\/#\/schema\/logo\/image\/","url":"https:\/\/central-purchasing.com\/wp-content\/uploads\/2024\/03\/cropped-logo-pur-1.png","contentUrl":"https:\/\/central-purchasing.com\/wp-content\/uploads\/2024\/03\/cropped-logo-pur-1.png","width":407,"height":170,"caption":"-  Streamlining Your Procurement Process, Ensuring Your Satisfaction"},"image":{"@id":"https:\/\/central-purchasing.com\/#\/schema\/logo\/image\/"}}]}},"_links":{"self":[{"href":"https:\/\/central-purchasing.com\/en\/wp-json\/wp\/v2\/pages\/11989","targetHints":{"allow":["GET"]}}],"collection":[{"href":"https:\/\/central-purchasing.com\/en\/wp-json\/wp\/v2\/pages"}],"about":[{"href":"https:\/\/central-purchasing.com\/en\/wp-json\/wp\/v2\/types\/page"}],"author":[{"embeddable":true,"href":"https:\/\/central-purchasing.com\/en\/wp-json\/wp\/v2\/users\/1"}],"replies":[{"embeddable":true,"href":"https:\/\/central-purchasing.com\/en\/wp-json\/wp\/v2\/comments?post=11989"}],"version-history":[{"count":47,"href":"https:\/\/central-purchasing.com\/en\/wp-json\/wp\/v2\/pages\/11989\/revisions"}],"predecessor-version":[{"id":988054,"href":"https:\/\/central-purchasing.com\/en\/wp-json\/wp\/v2\/pages\/11989\/revisions\/988054"}],"wp:attachment":[{"href":"https:\/\/central-purchasing.com\/en\/wp-json\/wp\/v2\/media?parent=11989"}],"curies":[{"name":"wp","href":"https:\/\/api.w.org\/{rel}","templated":true}]}}