{"id":987664,"date":"2023-05-29T12:30:52","date_gmt":"2023-05-29T12:30:52","guid":{"rendered":"https:\/\/central.medyouin.com\/?page_id=987664"},"modified":"2024-05-06T11:51:56","modified_gmt":"2024-05-06T11:51:56","slug":"nos-services","status":"publish","type":"page","link":"https:\/\/central-purchasing.com\/en\/nos-services\/","title":{"rendered":"Our services"},"content":{"rendered":"<div class=\"vgblk-rw-wrapper limit-wrapper\">\n<h3>\n\tCentrale d&rsquo;achat\n\t<\/h3>\n\t<a href=\"https:\/\/central-purchasing.com\/en\/centrale-dachat\/\" target=\"_self\" role=\"button\" rel=\"noopener\">\n\t\t\t\t\tLearn more\n\t<\/a>\n<h3>\n\tProject management\n\t<\/h3>\n\t<a href=\"https:\/\/central-purchasing.com\/en\/gestion-des-projets\/\" target=\"_self\" role=\"button\" rel=\"noopener\">\n\t\t\t\t\tLearn more\n\t<\/a>\n<h3>\n\tIndustrial tools\n\t<\/h3>\n\t<a href=\"https:\/\/central-purchasing.com\/en\/outillages-industriels\/\" target=\"_self\" role=\"button\" rel=\"noopener\">\n\t\t\t\t\tLearn more\n\t<\/a>\n<h3>\n\tGeneral Maintenance and Upkeep Services\n\t<\/h3>\n\t<a href=\"https:\/\/central-purchasing.com\/en\/service-generaux-maintenance-et-entretien\/\" target=\"_self\" role=\"button\" rel=\"noopener\">\n\t\t\t\t\tLearn more\n\t<\/a>\n<h3>\n\tSupplier referencing \n\t<\/h3>\n\t<a href=\"https:\/\/central-purchasing.com\/en\/referencement-fournisseur\/\" target=\"_self\" role=\"button\" rel=\"noopener\">\n\t\t\t\t\tLearn more\n\t<\/a>\n<h3>\n\tPurchases <br \/>Sustainable\n\t<\/h3>\n\t<a href=\"https:\/\/central-purchasing.com\/en\/achats-durables\/\" target=\"_self\" role=\"button\" rel=\"noopener\">\n\t\t\t\t\tLearn more\n\t<\/a>\n<h3>\n\tOutsourcing of purchasing\n\t<\/h3>\n\t<a href=\"https:\/\/central-purchasing.com\/en\/externalisation-des-achats\/\" target=\"_self\" role=\"button\" rel=\"noopener\">\n\t\t\t\t\tLearn more\n\t<\/a>\n<h3>\n\tEmployee Benefit\n\t<\/h3>\n\t<a href=\"https:\/\/central-purchasing.com\/en\/avantage-salaries\/\" target=\"_self\" role=\"button\" rel=\"noopener\">\n\t\t\t\t\tLearn more\n\t<\/a>\n<h2>\n\tHelp us!\n\t<\/h2>\n<h5>\n\tLe travail \u00e0 domicile nous permettait de varier les pauses go\u00fbter et caf\u00e9&#8230;\n\t<\/h5>\n\t<a href=\"https:\/\/central-purchasing.com\/en\/contact\/\" target=\"_self\" role=\"button\" rel=\"noopener\">\n\t\t\t\t\tContact us\n\t<\/a>\n\n<\/div><!-- .vgblk-rw-wrapper -->","protected":false},"excerpt":{"rendered":"<p>Centrale d&rsquo;achat En savoir plus Gestion des projets En savoir plus Outillages industriels En savoir plus Service G\u00e9n\u00e9raux Maintenance et entretien En savoir plus Referencement fournisseur En savoir plus Achats&#8230;<\/p>","protected":false},"author":1,"featured_media":0,"parent":0,"menu_order":0,"comment_status":"closed","ping_status":"closed","template":"","meta":{"inline_featured_image":false,"_price":"","_stock":"","_tribe_ticket_header":"","_tribe_default_ticket_provider":"","_tribe_ticket_capacity":"0","_ticket_start_date":"","_ticket_end_date":"","_tribe_ticket_show_description":"","_tribe_ticket_show_not_going":false,"_tribe_ticket_use_global_stock":"","_tribe_ticket_global_stock_level":"","_global_stock_mode":"","_global_stock_cap":"","_tribe_rsvp_for_event":"","_tribe_ticket_going_count":"","_tribe_ticket_not_going_count":"","_tribe_tickets_list":[],"_tribe_ticket_has_attendee_info_fields":false,"footnotes":""},"class_list":["post-987664","page","type-page","status-publish","hentry"],"yoast_head":"<!-- This site is optimized with the Yoast SEO plugin v20.8 - https:\/\/yoast.com\/wordpress\/plugins\/seo\/ -->\n<title>Nos Services - Streamlining Your Procurement Process, Ensuring Your Satisfaction<\/title>\n<meta name=\"robots\" content=\"index, follow, max-snippet:-1, max-image-preview:large, max-video-preview:-1\" \/>\n<link rel=\"canonical\" href=\"https:\/\/central-purchasing.com\/en\/nos-services\/\" \/>\n<meta property=\"og:locale\" content=\"en_US\" \/>\n<meta property=\"og:type\" content=\"article\" \/>\n<meta property=\"og:title\" content=\"Nos Services - Streamlining Your Procurement Process, Ensuring Your Satisfaction\" \/>\n<meta property=\"og:description\" content=\"Centrale d&rsquo;achat En savoir plus Gestion des projets En savoir plus Outillages industriels En savoir plus Service G\u00e9n\u00e9raux Maintenance et entretien En savoir plus Referencement fournisseur En savoir plus Achats...\" \/>\n<meta property=\"og:url\" content=\"https:\/\/central-purchasing.com\/en\/nos-services\/\" \/>\n<meta property=\"og:site_name\" content=\"- Streamlining Your Procurement Process, Ensuring Your Satisfaction\" \/>\n<meta property=\"article:modified_time\" content=\"2024-05-06T11:51:56+00:00\" \/>\n<meta name=\"twitter:card\" content=\"summary_large_image\" \/>\n<meta name=\"twitter:label1\" content=\"Est. reading time\" \/>\n\t<meta name=\"twitter:data1\" content=\"1 minute\" \/>\n<script type=\"application\/ld+json\" class=\"yoast-schema-graph\">{\"@context\":\"https:\/\/schema.org\",\"@graph\":[{\"@type\":\"WebPage\",\"@id\":\"https:\/\/central-purchasing.com\/nos-services\/\",\"url\":\"https:\/\/central-purchasing.com\/nos-services\/\",\"name\":\"Nos Services - Streamlining Your Procurement Process, Ensuring Your Satisfaction\",\"isPartOf\":{\"@id\":\"https:\/\/central-purchasing.com\/#website\"},\"datePublished\":\"2023-05-29T12:30:52+00:00\",\"dateModified\":\"2024-05-06T11:51:56+00:00\",\"breadcrumb\":{\"@id\":\"https:\/\/central-purchasing.com\/nos-services\/#breadcrumb\"},\"inLanguage\":\"en-US\",\"potentialAction\":[{\"@type\":\"ReadAction\",\"target\":[\"https:\/\/central-purchasing.com\/nos-services\/\"]}]},{\"@type\":\"BreadcrumbList\",\"@id\":\"https:\/\/central-purchasing.com\/nos-services\/#breadcrumb\",\"itemListElement\":[{\"@type\":\"ListItem\",\"position\":1,\"name\":\"Home\",\"item\":\"https:\/\/central-purchasing.com\/\"},{\"@type\":\"ListItem\",\"position\":2,\"name\":\"Nos Services\"}]},{\"@type\":\"WebSite\",\"@id\":\"https:\/\/central-purchasing.com\/#website\",\"url\":\"https:\/\/central-purchasing.com\/\",\"name\":\"- Streamlining Your Procurement Process, Ensuring Your Satisfaction\",\"description\":\"\",\"publisher\":{\"@id\":\"https:\/\/central-purchasing.com\/#organization\"},\"potentialAction\":[{\"@type\":\"SearchAction\",\"target\":{\"@type\":\"EntryPoint\",\"urlTemplate\":\"https:\/\/central-purchasing.com\/?s={search_term_string}\"},\"query-input\":\"required name=search_term_string\"}],\"inLanguage\":\"en-US\"},{\"@type\":\"Organization\",\"@id\":\"https:\/\/central-purchasing.com\/#organization\",\"name\":\"- Streamlining Your Procurement Process, Ensuring Your Satisfaction\",\"url\":\"https:\/\/central-purchasing.com\/\",\"logo\":{\"@type\":\"ImageObject\",\"inLanguage\":\"en-US\",\"@id\":\"https:\/\/central-purchasing.com\/#\/schema\/logo\/image\/\",\"url\":\"https:\/\/central-purchasing.com\/wp-content\/uploads\/2024\/03\/cropped-logo-pur-1.png\",\"contentUrl\":\"https:\/\/central-purchasing.com\/wp-content\/uploads\/2024\/03\/cropped-logo-pur-1.png\",\"width\":407,\"height\":170,\"caption\":\"-  Streamlining Your Procurement Process, Ensuring Your Satisfaction\"},\"image\":{\"@id\":\"https:\/\/central-purchasing.com\/#\/schema\/logo\/image\/\"}}]}<\/script>\n<!-- \/ Yoast SEO plugin. -->","yoast_head_json":{"title":"Nos Services - Streamlining Your Procurement Process, Ensuring Your Satisfaction","robots":{"index":"index","follow":"follow","max-snippet":"max-snippet:-1","max-image-preview":"max-image-preview:large","max-video-preview":"max-video-preview:-1"},"canonical":"https:\/\/central-purchasing.com\/en\/nos-services\/","og_locale":"en_US","og_type":"article","og_title":"Nos Services - Streamlining Your Procurement Process, Ensuring Your Satisfaction","og_description":"Centrale d&rsquo;achat En savoir plus Gestion des projets En savoir plus Outillages industriels En savoir plus Service G\u00e9n\u00e9raux Maintenance et entretien En savoir plus Referencement fournisseur En savoir plus Achats...","og_url":"https:\/\/central-purchasing.com\/en\/nos-services\/","og_site_name":"- Streamlining Your Procurement Process, Ensuring Your Satisfaction","article_modified_time":"2024-05-06T11:51:56+00:00","twitter_card":"summary_large_image","twitter_misc":{"Est. reading time":"1 minute"},"schema":{"@context":"https:\/\/schema.org","@graph":[{"@type":"WebPage","@id":"https:\/\/central-purchasing.com\/nos-services\/","url":"https:\/\/central-purchasing.com\/nos-services\/","name":"Nos Services - Streamlining Your Procurement Process, Ensuring Your Satisfaction","isPartOf":{"@id":"https:\/\/central-purchasing.com\/#website"},"datePublished":"2023-05-29T12:30:52+00:00","dateModified":"2024-05-06T11:51:56+00:00","breadcrumb":{"@id":"https:\/\/central-purchasing.com\/nos-services\/#breadcrumb"},"inLanguage":"en-US","potentialAction":[{"@type":"ReadAction","target":["https:\/\/central-purchasing.com\/nos-services\/"]}]},{"@type":"BreadcrumbList","@id":"https:\/\/central-purchasing.com\/nos-services\/#breadcrumb","itemListElement":[{"@type":"ListItem","position":1,"name":"Home","item":"https:\/\/central-purchasing.com\/"},{"@type":"ListItem","position":2,"name":"Nos Services"}]},{"@type":"WebSite","@id":"https:\/\/central-purchasing.com\/#website","url":"https:\/\/central-purchasing.com\/","name":"- Streamlining Your Procurement Process, Ensuring Your Satisfaction","description":"","publisher":{"@id":"https:\/\/central-purchasing.com\/#organization"},"potentialAction":[{"@type":"SearchAction","target":{"@type":"EntryPoint","urlTemplate":"https:\/\/central-purchasing.com\/?s={search_term_string}"},"query-input":"required name=search_term_string"}],"inLanguage":"en-US"},{"@type":"Organization","@id":"https:\/\/central-purchasing.com\/#organization","name":"- Streamlining Your Procurement Process, Ensuring Your Satisfaction","url":"https:\/\/central-purchasing.com\/","logo":{"@type":"ImageObject","inLanguage":"en-US","@id":"https:\/\/central-purchasing.com\/#\/schema\/logo\/image\/","url":"https:\/\/central-purchasing.com\/wp-content\/uploads\/2024\/03\/cropped-logo-pur-1.png","contentUrl":"https:\/\/central-purchasing.com\/wp-content\/uploads\/2024\/03\/cropped-logo-pur-1.png","width":407,"height":170,"caption":"-  Streamlining Your Procurement Process, Ensuring Your Satisfaction"},"image":{"@id":"https:\/\/central-purchasing.com\/#\/schema\/logo\/image\/"}}]}},"_links":{"self":[{"href":"https:\/\/central-purchasing.com\/en\/wp-json\/wp\/v2\/pages\/987664","targetHints":{"allow":["GET"]}}],"collection":[{"href":"https:\/\/central-purchasing.com\/en\/wp-json\/wp\/v2\/pages"}],"about":[{"href":"https:\/\/central-purchasing.com\/en\/wp-json\/wp\/v2\/types\/page"}],"author":[{"embeddable":true,"href":"https:\/\/central-purchasing.com\/en\/wp-json\/wp\/v2\/users\/1"}],"replies":[{"embeddable":true,"href":"https:\/\/central-purchasing.com\/en\/wp-json\/wp\/v2\/comments?post=987664"}],"version-history":[{"count":33,"href":"https:\/\/central-purchasing.com\/en\/wp-json\/wp\/v2\/pages\/987664\/revisions"}],"predecessor-version":[{"id":988049,"href":"https:\/\/central-purchasing.com\/en\/wp-json\/wp\/v2\/pages\/987664\/revisions\/988049"}],"wp:attachment":[{"href":"https:\/\/central-purchasing.com\/en\/wp-json\/wp\/v2\/media?parent=987664"}],"curies":[{"name":"wp","href":"https:\/\/api.w.org\/{rel}","templated":true}]}}