{"id":987781,"date":"2023-05-30T20:40:10","date_gmt":"2023-05-30T20:40:10","guid":{"rendered":"https:\/\/central.medyouin.com\/?page_id=987781"},"modified":"2024-05-09T16:28:51","modified_gmt":"2024-05-09T16:28:51","slug":"no-forces","status":"publish","type":"page","link":"https:\/\/central-purchasing.com\/en\/no-forces\/","title":{"rendered":"Our forces"},"content":{"rendered":"<div class=\"vgblk-rw-wrapper limit-wrapper\">\n\n\t\t\t\t<a href=\"https:\/\/central-purchasing.com\/en\/services\/strategy\/\" target=\"_self\" itemprop=\"url\" rel=\"noopener\">\n\t\t\t\t\t\t\t<img loading=\"lazy\" decoding=\"async\" src=\"https:\/\/central-purchasing.com\/wp-content\/uploads\/2023\/05\/benjamin-child-GWe0dlVD9e0-unsplash-scaled.jpg\" alt=\"benjamin-child-GWe0dlVD9e0-unsplash\" itemprop=\"image\" height=\"1707\" width=\"2560\" data-link-type=\"url\" title=\"benjamin-child-GWe0dlVD9e0-unsplash\" onerror=\"this.style.display='none'\"  sizes=\"auto, (max-width: 768px) 100vw, 100vw\" srcset=\"https:\/\/central-purchasing.com\/wp-content\/uploads\/2023\/05\/benjamin-child-GWe0dlVD9e0-unsplash-scaled.jpg 2560w, https:\/\/central-purchasing.com\/wp-content\/uploads\/2023\/05\/benjamin-child-GWe0dlVD9e0-unsplash-300x200.jpg 300w, https:\/\/central-purchasing.com\/wp-content\/uploads\/2023\/05\/benjamin-child-GWe0dlVD9e0-unsplash-1024x683.jpg 1024w, https:\/\/central-purchasing.com\/wp-content\/uploads\/2023\/05\/benjamin-child-GWe0dlVD9e0-unsplash-768x512.jpg 768w, https:\/\/central-purchasing.com\/wp-content\/uploads\/2023\/05\/benjamin-child-GWe0dlVD9e0-unsplash-1536x1024.jpg 1536w, https:\/\/central-purchasing.com\/wp-content\/uploads\/2023\/05\/benjamin-child-GWe0dlVD9e0-unsplash-2048x1365.jpg 2048w, https:\/\/central-purchasing.com\/wp-content\/uploads\/2023\/05\/benjamin-child-GWe0dlVD9e0-unsplash-1260x840.jpg 1260w, https:\/\/central-purchasing.com\/wp-content\/uploads\/2023\/05\/benjamin-child-GWe0dlVD9e0-unsplash-630x420.jpg 630w, https:\/\/central-purchasing.com\/wp-content\/uploads\/2023\/05\/benjamin-child-GWe0dlVD9e0-unsplash-420x280.jpg 420w, https:\/\/central-purchasing.com\/wp-content\/uploads\/2023\/05\/benjamin-child-GWe0dlVD9e0-unsplash-840x560.jpg 840w, https:\/\/central-purchasing.com\/wp-content\/uploads\/2023\/05\/benjamin-child-GWe0dlVD9e0-unsplash-315x210.jpg 315w\" \/>\t\t\t\t\t\t<\/a>\n<h4>\n\t\t\t<a href=\"#impliquent\" title=\"Adh\u00e9rents Qui S'impliquent\" target=\"_self\" rel=\"noopener\">\n\tAdh\u00e9rents Qui S&rsquo;impliquent\n\t\t\t<\/a>\n\t<\/h4>\n\t<p>Nous sommes fiers de collaborer avec des membres activement impliqu\u00e9s dans chaque d\u00e9cision. Notre communaut\u00e9 d&rsquo;adh\u00e9rents est compos\u00e9e d&rsquo;experts et de professionnels d\u00e9di\u00e9s \u00e0 la r\u00e9ussite collective .<\/p>\n\t\t\t\t<a href=\"https:\/\/central-purchasing.com\/en\/services\/strategy\/\" target=\"_self\" itemprop=\"url\" rel=\"noopener\">\n\t\t\t\t\t\t\t<img loading=\"lazy\" decoding=\"async\" src=\"https:\/\/central-purchasing.com\/wp-content\/uploads\/2024\/04\/people-working-call-center-scaled.jpg\" alt=\"people-working-call-center_central_purchasing\" itemprop=\"image\" height=\"1707\" width=\"2560\" data-link-type=\"url\" title=\"people-working-call-center_central_purchasing\" onerror=\"this.style.display='none'\"  sizes=\"auto, (max-width: 768px) 100vw, 100vw\" srcset=\"https:\/\/central-purchasing.com\/wp-content\/uploads\/2024\/04\/people-working-call-center-scaled.jpg 2560w, https:\/\/central-purchasing.com\/wp-content\/uploads\/2024\/04\/people-working-call-center-300x200.jpg 300w, https:\/\/central-purchasing.com\/wp-content\/uploads\/2024\/04\/people-working-call-center-1024x683.jpg 1024w, https:\/\/central-purchasing.com\/wp-content\/uploads\/2024\/04\/people-working-call-center-768x512.jpg 768w, https:\/\/central-purchasing.com\/wp-content\/uploads\/2024\/04\/people-working-call-center-1536x1024.jpg 1536w, https:\/\/central-purchasing.com\/wp-content\/uploads\/2024\/04\/people-working-call-center-2048x1365.jpg 2048w, https:\/\/central-purchasing.com\/wp-content\/uploads\/2024\/04\/people-working-call-center-18x12.jpg 18w, https:\/\/central-purchasing.com\/wp-content\/uploads\/2024\/04\/people-working-call-center-1260x840.jpg 1260w, https:\/\/central-purchasing.com\/wp-content\/uploads\/2024\/04\/people-working-call-center-630x420.jpg 630w, https:\/\/central-purchasing.com\/wp-content\/uploads\/2024\/04\/people-working-call-center-420x280.jpg 420w, https:\/\/central-purchasing.com\/wp-content\/uploads\/2024\/04\/people-working-call-center-840x560.jpg 840w, https:\/\/central-purchasing.com\/wp-content\/uploads\/2024\/04\/people-working-call-center-315x210.jpg 315w\" \/>\t\t\t\t\t\t<\/a>\n<h4>\n\t\t\t<a href=\"#equipe\" title=\"\u00c9quipe D'animation Tr\u00e9s Pr\u00e9sente\" target=\"_self\" rel=\"noopener\">\n\t\u00c9quipe D&rsquo;animation Tr\u00e9s Pr\u00e9sente\n\t\t\t<\/a>\n\t<\/h4>\n\t<p>Notre \u00e9quipe d&rsquo;animation est toujours sur le terrain, travaillant c\u00f4te \u00e0 c\u00f4te avec nos adh\u00e9rents pour comprendre et r\u00e9pondre \u00e0 leurs besoins sp\u00e9cifiques.<\/p>\n\t\t\t\t<a href=\"https:\/\/central-purchasing.com\/en\/audit-and-evaluation\/\" target=\"_self\" itemprop=\"url\" rel=\"noopener\">\n\t\t\t\t\t\t\t<img loading=\"lazy\" decoding=\"async\" src=\"https:\/\/central-purchasing.com\/wp-content\/uploads\/2023\/05\/kelly-sikkema-wgcUx0kR1ps-unsplash-scaled.jpg\" alt=\"kelly-sikkema-wgcUx0kR1ps-unsplash\" itemprop=\"image\" height=\"1707\" width=\"2560\" data-link-type=\"url\" title=\"kelly-sikkema-wgcUx0kR1ps-unsplash\" onerror=\"this.style.display='none'\"  sizes=\"auto, (max-width: 768px) 100vw, 100vw\" srcset=\"https:\/\/central-purchasing.com\/wp-content\/uploads\/2023\/05\/kelly-sikkema-wgcUx0kR1ps-unsplash-scaled.jpg 2560w, https:\/\/central-purchasing.com\/wp-content\/uploads\/2023\/05\/kelly-sikkema-wgcUx0kR1ps-unsplash-300x200.jpg 300w, https:\/\/central-purchasing.com\/wp-content\/uploads\/2023\/05\/kelly-sikkema-wgcUx0kR1ps-unsplash-1024x683.jpg 1024w, https:\/\/central-purchasing.com\/wp-content\/uploads\/2023\/05\/kelly-sikkema-wgcUx0kR1ps-unsplash-768x512.jpg 768w, https:\/\/central-purchasing.com\/wp-content\/uploads\/2023\/05\/kelly-sikkema-wgcUx0kR1ps-unsplash-1536x1024.jpg 1536w, https:\/\/central-purchasing.com\/wp-content\/uploads\/2023\/05\/kelly-sikkema-wgcUx0kR1ps-unsplash-2048x1365.jpg 2048w, https:\/\/central-purchasing.com\/wp-content\/uploads\/2023\/05\/kelly-sikkema-wgcUx0kR1ps-unsplash-1260x840.jpg 1260w, https:\/\/central-purchasing.com\/wp-content\/uploads\/2023\/05\/kelly-sikkema-wgcUx0kR1ps-unsplash-630x420.jpg 630w, https:\/\/central-purchasing.com\/wp-content\/uploads\/2023\/05\/kelly-sikkema-wgcUx0kR1ps-unsplash-420x280.jpg 420w, https:\/\/central-purchasing.com\/wp-content\/uploads\/2023\/05\/kelly-sikkema-wgcUx0kR1ps-unsplash-840x560.jpg 840w, https:\/\/central-purchasing.com\/wp-content\/uploads\/2023\/05\/kelly-sikkema-wgcUx0kR1ps-unsplash-315x210.jpg 315w\" \/>\t\t\t\t\t\t<\/a>\n<h4>\n\t\t\t<a href=\"#missions\" title=\"Missions Of Our Team \" target=\"_self\" rel=\"noopener\">\n\tMissions Of Our Team \n\t\t\t<\/a>\n\t<\/h4>\n\t<p>Chaque membre de notre \u00e9quipe est engag\u00e9 dans une mission pr\u00e9cise, visant l&rsquo;excellence et l&rsquo;innovation dans nos services. Nous sommes unis par notre objectif commun .<\/p>\n\t\t\t\t<a href=\"https:\/\/central-purchasing.com\/en\/services\/corporate-finance-restructuring\/\" target=\"_self\" itemprop=\"url\" rel=\"noopener\">\n\t\t\t\t\t\t\t<img loading=\"lazy\" decoding=\"async\" src=\"https:\/\/central-purchasing.com\/wp-content\/uploads\/2023\/05\/jud-mackrill-drLKC_gGwE4-unsplash-scaled.jpg\" alt=\"jud-mackrill-drLKC_gGwE4-unsplash\" itemprop=\"image\" height=\"1707\" width=\"2560\" data-link-type=\"url\" title=\"jud-mackrill-drLKC_gGwE4-unsplash\" onerror=\"this.style.display='none'\"  sizes=\"auto, (max-width: 768px) 100vw, 100vw\" srcset=\"https:\/\/central-purchasing.com\/wp-content\/uploads\/2023\/05\/jud-mackrill-drLKC_gGwE4-unsplash-scaled.jpg 2560w, https:\/\/central-purchasing.com\/wp-content\/uploads\/2023\/05\/jud-mackrill-drLKC_gGwE4-unsplash-300x200.jpg 300w, https:\/\/central-purchasing.com\/wp-content\/uploads\/2023\/05\/jud-mackrill-drLKC_gGwE4-unsplash-1024x683.jpg 1024w, https:\/\/central-purchasing.com\/wp-content\/uploads\/2023\/05\/jud-mackrill-drLKC_gGwE4-unsplash-768x512.jpg 768w, https:\/\/central-purchasing.com\/wp-content\/uploads\/2023\/05\/jud-mackrill-drLKC_gGwE4-unsplash-1536x1024.jpg 1536w, https:\/\/central-purchasing.com\/wp-content\/uploads\/2023\/05\/jud-mackrill-drLKC_gGwE4-unsplash-2048x1365.jpg 2048w, https:\/\/central-purchasing.com\/wp-content\/uploads\/2023\/05\/jud-mackrill-drLKC_gGwE4-unsplash-1260x840.jpg 1260w, https:\/\/central-purchasing.com\/wp-content\/uploads\/2023\/05\/jud-mackrill-drLKC_gGwE4-unsplash-630x420.jpg 630w, https:\/\/central-purchasing.com\/wp-content\/uploads\/2023\/05\/jud-mackrill-drLKC_gGwE4-unsplash-420x280.jpg 420w, https:\/\/central-purchasing.com\/wp-content\/uploads\/2023\/05\/jud-mackrill-drLKC_gGwE4-unsplash-840x560.jpg 840w, https:\/\/central-purchasing.com\/wp-content\/uploads\/2023\/05\/jud-mackrill-drLKC_gGwE4-unsplash-315x210.jpg 315w\" \/>\t\t\t\t\t\t<\/a>\n<h4>\n\t\t\t<a href=\"#chart\" title=\"Our members charter\" target=\"_self\" rel=\"noopener\">\n\tOur members charter\n\t\t\t<\/a>\n\t<\/h4>\n\t<p>Our charter is the basis of our commitment to our members. It defines the principles of our collaborative work, our integrity and our transparency.<\/p>\n<h2>\n\tDES ADH\u00c9RENTS QUI S&rsquo;IMPLIQUENT\n\t<\/h2>\n\t<blockquote>\n<p>L&rsquo;adh\u00e9sion \u00e0\u00a0CENTRAL PURCHASING est pour nos adh\u00e9rents un\u00a0gage de p\u00e9rennit\u00e9 et l&rsquo;un des axes de leur politique de\u00a0d\u00e9veloppement.<\/p>\n<\/blockquote>\n<p>C&rsquo;est pourquoi les \u00e9quipes de nos adh\u00e9rents ont la\u00a0possibilit\u00e9 de s&rsquo;investir dans le fonctionnement et\u00a0l&rsquo;\u00e9volution de leur centrale d&rsquo;achats en participant aux\u00a0diff\u00e9rents organes de d\u00e9cisions :\u00a0Comit\u00e9s de Pilotage,\u00a0Comit\u00e9s d&rsquo;Achats, Commissions d&rsquo;Achats, Commission\u00a0Achats Durables.<\/p>\n<h3>Why and how?<\/h3>\n<p>Les commissions d&rsquo;Achats sont essentielles pour r\u00e9f\u00e9rencer un fournisseur de fa\u00e7on efficace. Elles r\u00e9unissent les acheteurs de nos adh\u00e9rents ou des sp\u00e9cialistes d&rsquo;un th\u00e8me particulier afin de r\u00e9f\u00e9rencer un ou plusieurs fournisseurs.<\/p>\n<p>Exemples : Commission Int\u00e9rim, Commission B\u00e2timent, Commission Location de Mat\u00e9riels, Commission QSE, &#8230;<\/p>\n<p>Les comit\u00e9s d&rsquo;Achats r\u00e9unissent les acheteurs de nos principaux adh\u00e9rents et s\u00e9lectionnent les fournisseurs.<\/p>\n<p>Les comit\u00e9s de Pilotage sont compos\u00e9s des dirigeants d&rsquo;entreprises adh\u00e9rentes. Leur r\u00f4le est de contribuer \u00e0 d\u00e9finir la strat\u00e9gie CENTRAL PURCHASING.<\/p>\n<h3>Goals<\/h3>\n<p>Faire de CENTRAL PURCHASING \u00a0un groupement d&rsquo;achat repr\u00e9sentatif des int\u00e9r\u00eats et pr\u00e9occupations de ses adh\u00e9rents<\/p>\n<p>Define the CENTRAL PURCHASING strategy in relation to the needs of its members<\/p>\n<p>Encourage the sharing of good practices between men and women making up our members\u2019 teams and grow the CENTRAL PURCHASING network<\/p>\n<p>&nbsp;<\/p>\n<h2>\n\tUNE \u00c9QUIPE D&rsquo;ANIMATION <br \/>VERY PRESENT\n\t<\/h2>\n\tNotre \u00e9quipe d&rsquo;animation est d\u00e9di\u00e9e \u00e0 l&rsquo;animation commerciale des accords-cadres.<br \/>\nIts goal is to create a link between members and listed suppliers.\n<h3>\n\tWhy and how?\n\t<\/h3>\n\t<p>Nous croyons qu&rsquo;un accord cadre bien n\u00e9goci\u00e9 n&rsquo;a aucun int\u00e9r\u00eat s&rsquo;il n&rsquo;est pas d\u00e9ploy\u00e9 sur le terrain. PME CENTRALE se bat tous les jours pour que les accords-cadres n\u00e9goci\u00e9s soient efficaces et utilis\u00e9s sur les chantiers, dans les usines, etc&#8230;<\/p>\n<p>Les comit\u00e9s d&rsquo;Achats r\u00e9unissent les acheteurs de nos principaux adh\u00e9rents et s\u00e9lectionnent les fournisseurs.<\/p>\n<p>Les comit\u00e9s de Pilotage sont compos\u00e9s des dirigeants d&rsquo;entreprises adh\u00e9rentes. Leur r\u00f4le est de contribuer \u00e0 d\u00e9finir la strat\u00e9gie CENTRAL PURCHASING.<\/p>\n<h2>\n\tMissions of our team \n\t<\/h2>\n\t<p>DES OUTILS D&rsquo;ACHATS PERSONNALIS\u00c9S POUR MIEUX STRUCTURER VOS ACHATS<\/p>\n<p>CENTRAL PURCHASING d\u00e9veloppe et fournit \u00e0 ses adh\u00e9rents et fournisseurs une large palette d&rsquo;outils d&rsquo;achats personnalis\u00e9s et services destin\u00e9s \u00e0 faciliter l&rsquo;information au sein du r\u00e9seau.<\/p>\n\tAdvise our members<br \/>\nin choosing the right product or service\n\t<p>Central geo: to geo locate all our members and suppliers on a map using sorting parameters<\/p>\n\tput in touch<br \/>\nour suppliers referenced with our members,<br \/>\nsuite \u00e0 une demande de leur part\n\tConseiller nos fournisseurs r\u00e9f\u00e9renc\u00e9s<br \/>\npour d\u00e9terminer le meilleur interlocuteur \u00e0 contacter chez un adh\u00e9rent\n\tAider les fournisseurs<br \/>\nin monitoring current affairs\n\t<p>Fiches, livrets, courriers personnalis\u00e9s, &#8230;<\/p>\n\tMember extranet sites<br \/>\nand suppliers\n\t<p>Quality surveys<\/p>\n<h2>\n\tOUR ENGAGEMENTS\n\t<\/h2>\n\t<p>Respecter la philosophie fondatrice : \u00ab\u00a0La force de l&rsquo;engagement collaboratif\u00a0\u00bb<\/p>\n<h3>\n\tWork hand in hand with your Central!\n\t<\/h3>\n<h3>\n\tPrivil\u00e9gier nos fournisseurs  r\u00e9f\u00e9renc\u00e9s !\n\t<\/h3>\n<h3>\n\tPromote work and exchanges between members!\n\t<\/h3>\n<h3>\n\tHave the reflex <br \/>CENTRAL PURCHASING \n\t<\/h3>\n<h2>\n\tOur members charter\n\t<\/h2>\n\t<p>Pool purchases from independent companies sharing a common philosophy in order to better compete with national groups.<\/p>\n<p>\u00a0Increase the visibility and negotiating strength of independents with national suppliers.<\/p>\n<h3>\n\tOur common goals?\n\t<\/h3>\n\t<a href=\"https:\/\/central-purchasing.com\/wp-content\/uploads\/2024\/03\/adhesion-central-purchasing-2.pdf\" target=\"_self\" role=\"button\" rel=\"noopener\">\n\t\t\t\t\tDownload the pdf\n\t<\/a>\n\n<\/div><!-- .vgblk-rw-wrapper -->","protected":false},"excerpt":{"rendered":"<p>Adh\u00e9rents Qui S&rsquo;impliquent Nous sommes fiers de collaborer avec des membres activement impliqu\u00e9s dans chaque d\u00e9cision. Notre communaut\u00e9 d&rsquo;adh\u00e9rents est compos\u00e9e d&rsquo;experts et de professionnels d\u00e9di\u00e9s \u00e0 la r\u00e9ussite collective&#8230;<\/p>","protected":false},"author":1,"featured_media":0,"parent":0,"menu_order":0,"comment_status":"closed","ping_status":"closed","template":"","meta":{"inline_featured_image":false,"_price":"","_stock":"","_tribe_ticket_header":"","_tribe_default_ticket_provider":"","_tribe_ticket_capacity":"0","_ticket_start_date":"","_ticket_end_date":"","_tribe_ticket_show_description":"","_tribe_ticket_show_not_going":false,"_tribe_ticket_use_global_stock":"","_tribe_ticket_global_stock_level":"","_global_stock_mode":"","_global_stock_cap":"","_tribe_rsvp_for_event":"","_tribe_ticket_going_count":"","_tribe_ticket_not_going_count":"","_tribe_tickets_list":[],"_tribe_ticket_has_attendee_info_fields":false,"footnotes":""},"class_list":["post-987781","page","type-page","status-publish","hentry"],"yoast_head":"<!-- This site is optimized with the Yoast SEO plugin v20.8 - https:\/\/yoast.com\/wordpress\/plugins\/seo\/ -->\n<title>Nos Forces - Streamlining Your Procurement Process, Ensuring Your Satisfaction<\/title>\n<meta name=\"robots\" content=\"index, follow, max-snippet:-1, max-image-preview:large, max-video-preview:-1\" \/>\n<link rel=\"canonical\" href=\"https:\/\/central-purchasing.com\/en\/no-forces\/\" \/>\n<meta property=\"og:locale\" content=\"en_US\" \/>\n<meta property=\"og:type\" content=\"article\" \/>\n<meta property=\"og:title\" content=\"Nos Forces - Streamlining Your Procurement Process, Ensuring Your Satisfaction\" \/>\n<meta property=\"og:description\" content=\"Adh\u00e9rents Qui S&rsquo;impliquent Nous sommes fiers de collaborer avec des membres activement impliqu\u00e9s dans chaque d\u00e9cision. Notre communaut\u00e9 d&rsquo;adh\u00e9rents est compos\u00e9e d&rsquo;experts et de professionnels d\u00e9di\u00e9s \u00e0 la r\u00e9ussite collective...\" \/>\n<meta property=\"og:url\" content=\"https:\/\/central-purchasing.com\/en\/no-forces\/\" \/>\n<meta property=\"og:site_name\" content=\"- Streamlining Your Procurement Process, Ensuring Your Satisfaction\" \/>\n<meta property=\"article:modified_time\" content=\"2024-05-09T16:28:51+00:00\" \/>\n<meta property=\"og:image\" content=\"https:\/\/central-purchasing.com\/wp-content\/uploads\/2023\/05\/benjamin-child-GWe0dlVD9e0-unsplash-scaled.jpg\" \/>\n<meta name=\"twitter:card\" content=\"summary_large_image\" \/>\n<meta name=\"twitter:label1\" content=\"Est. reading time\" \/>\n\t<meta name=\"twitter:data1\" content=\"4 minutes\" \/>\n<script type=\"application\/ld+json\" class=\"yoast-schema-graph\">{\"@context\":\"https:\/\/schema.org\",\"@graph\":[{\"@type\":\"WebPage\",\"@id\":\"https:\/\/central-purchasing.com\/no-forces\/\",\"url\":\"https:\/\/central-purchasing.com\/no-forces\/\",\"name\":\"Nos Forces - Streamlining Your Procurement Process, Ensuring Your Satisfaction\",\"isPartOf\":{\"@id\":\"https:\/\/central-purchasing.com\/#website\"},\"datePublished\":\"2023-05-30T20:40:10+00:00\",\"dateModified\":\"2024-05-09T16:28:51+00:00\",\"breadcrumb\":{\"@id\":\"https:\/\/central-purchasing.com\/no-forces\/#breadcrumb\"},\"inLanguage\":\"en-US\",\"potentialAction\":[{\"@type\":\"ReadAction\",\"target\":[\"https:\/\/central-purchasing.com\/no-forces\/\"]}]},{\"@type\":\"BreadcrumbList\",\"@id\":\"https:\/\/central-purchasing.com\/no-forces\/#breadcrumb\",\"itemListElement\":[{\"@type\":\"ListItem\",\"position\":1,\"name\":\"Home\",\"item\":\"https:\/\/central-purchasing.com\/\"},{\"@type\":\"ListItem\",\"position\":2,\"name\":\"Nos Forces\"}]},{\"@type\":\"WebSite\",\"@id\":\"https:\/\/central-purchasing.com\/#website\",\"url\":\"https:\/\/central-purchasing.com\/\",\"name\":\"- Streamlining Your Procurement Process, Ensuring Your Satisfaction\",\"description\":\"\",\"publisher\":{\"@id\":\"https:\/\/central-purchasing.com\/#organization\"},\"potentialAction\":[{\"@type\":\"SearchAction\",\"target\":{\"@type\":\"EntryPoint\",\"urlTemplate\":\"https:\/\/central-purchasing.com\/?s={search_term_string}\"},\"query-input\":\"required name=search_term_string\"}],\"inLanguage\":\"en-US\"},{\"@type\":\"Organization\",\"@id\":\"https:\/\/central-purchasing.com\/#organization\",\"name\":\"- Streamlining Your Procurement Process, Ensuring Your Satisfaction\",\"url\":\"https:\/\/central-purchasing.com\/\",\"logo\":{\"@type\":\"ImageObject\",\"inLanguage\":\"en-US\",\"@id\":\"https:\/\/central-purchasing.com\/#\/schema\/logo\/image\/\",\"url\":\"https:\/\/central-purchasing.com\/wp-content\/uploads\/2024\/03\/cropped-logo-pur-1.png\",\"contentUrl\":\"https:\/\/central-purchasing.com\/wp-content\/uploads\/2024\/03\/cropped-logo-pur-1.png\",\"width\":407,\"height\":170,\"caption\":\"-  Streamlining Your Procurement Process, Ensuring Your Satisfaction\"},\"image\":{\"@id\":\"https:\/\/central-purchasing.com\/#\/schema\/logo\/image\/\"}}]}<\/script>\n<!-- \/ Yoast SEO plugin. -->","yoast_head_json":{"title":"Nos Forces - Streamlining Your Procurement Process, Ensuring Your Satisfaction","robots":{"index":"index","follow":"follow","max-snippet":"max-snippet:-1","max-image-preview":"max-image-preview:large","max-video-preview":"max-video-preview:-1"},"canonical":"https:\/\/central-purchasing.com\/en\/no-forces\/","og_locale":"en_US","og_type":"article","og_title":"Nos Forces - Streamlining Your Procurement Process, Ensuring Your Satisfaction","og_description":"Adh\u00e9rents Qui S&rsquo;impliquent Nous sommes fiers de collaborer avec des membres activement impliqu\u00e9s dans chaque d\u00e9cision. Notre communaut\u00e9 d&rsquo;adh\u00e9rents est compos\u00e9e d&rsquo;experts et de professionnels d\u00e9di\u00e9s \u00e0 la r\u00e9ussite collective...","og_url":"https:\/\/central-purchasing.com\/en\/no-forces\/","og_site_name":"- Streamlining Your Procurement Process, Ensuring Your Satisfaction","article_modified_time":"2024-05-09T16:28:51+00:00","og_image":[{"url":"https:\/\/central-purchasing.com\/wp-content\/uploads\/2023\/05\/benjamin-child-GWe0dlVD9e0-unsplash-scaled.jpg"}],"twitter_card":"summary_large_image","twitter_misc":{"Est. reading time":"4 minutes"},"schema":{"@context":"https:\/\/schema.org","@graph":[{"@type":"WebPage","@id":"https:\/\/central-purchasing.com\/no-forces\/","url":"https:\/\/central-purchasing.com\/no-forces\/","name":"Nos Forces - Streamlining Your Procurement Process, Ensuring Your Satisfaction","isPartOf":{"@id":"https:\/\/central-purchasing.com\/#website"},"datePublished":"2023-05-30T20:40:10+00:00","dateModified":"2024-05-09T16:28:51+00:00","breadcrumb":{"@id":"https:\/\/central-purchasing.com\/no-forces\/#breadcrumb"},"inLanguage":"en-US","potentialAction":[{"@type":"ReadAction","target":["https:\/\/central-purchasing.com\/no-forces\/"]}]},{"@type":"BreadcrumbList","@id":"https:\/\/central-purchasing.com\/no-forces\/#breadcrumb","itemListElement":[{"@type":"ListItem","position":1,"name":"Home","item":"https:\/\/central-purchasing.com\/"},{"@type":"ListItem","position":2,"name":"Nos Forces"}]},{"@type":"WebSite","@id":"https:\/\/central-purchasing.com\/#website","url":"https:\/\/central-purchasing.com\/","name":"- Streamlining Your Procurement Process, Ensuring Your Satisfaction","description":"","publisher":{"@id":"https:\/\/central-purchasing.com\/#organization"},"potentialAction":[{"@type":"SearchAction","target":{"@type":"EntryPoint","urlTemplate":"https:\/\/central-purchasing.com\/?s={search_term_string}"},"query-input":"required name=search_term_string"}],"inLanguage":"en-US"},{"@type":"Organization","@id":"https:\/\/central-purchasing.com\/#organization","name":"- Streamlining Your Procurement Process, Ensuring Your Satisfaction","url":"https:\/\/central-purchasing.com\/","logo":{"@type":"ImageObject","inLanguage":"en-US","@id":"https:\/\/central-purchasing.com\/#\/schema\/logo\/image\/","url":"https:\/\/central-purchasing.com\/wp-content\/uploads\/2024\/03\/cropped-logo-pur-1.png","contentUrl":"https:\/\/central-purchasing.com\/wp-content\/uploads\/2024\/03\/cropped-logo-pur-1.png","width":407,"height":170,"caption":"-  Streamlining Your Procurement Process, Ensuring Your Satisfaction"},"image":{"@id":"https:\/\/central-purchasing.com\/#\/schema\/logo\/image\/"}}]}},"_links":{"self":[{"href":"https:\/\/central-purchasing.com\/en\/wp-json\/wp\/v2\/pages\/987781","targetHints":{"allow":["GET"]}}],"collection":[{"href":"https:\/\/central-purchasing.com\/en\/wp-json\/wp\/v2\/pages"}],"about":[{"href":"https:\/\/central-purchasing.com\/en\/wp-json\/wp\/v2\/types\/page"}],"author":[{"embeddable":true,"href":"https:\/\/central-purchasing.com\/en\/wp-json\/wp\/v2\/users\/1"}],"replies":[{"embeddable":true,"href":"https:\/\/central-purchasing.com\/en\/wp-json\/wp\/v2\/comments?post=987781"}],"version-history":[{"count":48,"href":"https:\/\/central-purchasing.com\/en\/wp-json\/wp\/v2\/pages\/987781\/revisions"}],"predecessor-version":[{"id":988118,"href":"https:\/\/central-purchasing.com\/en\/wp-json\/wp\/v2\/pages\/987781\/revisions\/988118"}],"wp:attachment":[{"href":"https:\/\/central-purchasing.com\/en\/wp-json\/wp\/v2\/media?parent=987781"}],"curies":[{"name":"wp","href":"https:\/\/api.w.org\/{rel}","templated":true}]}}