{"id":987940,"date":"2024-03-12T16:05:56","date_gmt":"2024-03-12T16:05:56","guid":{"rendered":"https:\/\/central.medyouin.com\/?page_id=987940"},"modified":"2024-03-14T15:51:38","modified_gmt":"2024-03-14T15:51:38","slug":"centrale-dachat","status":"publish","type":"page","link":"https:\/\/central-purchasing.com\/en\/centrale-dachat\/","title":{"rendered":"Purchasing center"},"content":{"rendered":"<div class=\"vgblk-rw-wrapper limit-wrapper\">\n<h2>\n\tMaximisation de la Valeur par l&rsquo;Achat Centralis\u00e9\n\t<\/h2>\n\t<p>Chez CENTRAL PURCHASING SARL, nous croyons fermement que la centralisation de l&rsquo;achat est essentielle pour optimiser les co\u00fbts et accro\u00eetre l&rsquo;efficacit\u00e9. En nous confiant la gestion de vos achats, vous b\u00e9n\u00e9ficiez d&rsquo;un acc\u00e8s privil\u00e9gi\u00e9 \u00e0 un r\u00e9seau de fournisseurs tri\u00e9s sur le volet et \u00e0 des tarifs n\u00e9goci\u00e9s qui refl\u00e8tent le volume global de notre client\u00e8le. Nous adoptons une approche strat\u00e9gique pour \u00e9valuer et s\u00e9lectionner les produits, assurant ainsi que chaque achat contribue \u00e0 la r\u00e9alisation de vos objectifs financiers et op\u00e9rationnels, tout en adh\u00e9rant aux normes les plus strictes de durabilit\u00e9 et de qualit\u00e9.<\/p>\n<h3>\n\tService d&rsquo;Achat Int\u00e9gral et Sur-Mesure\n\t<\/h3>\n\t<p>Notre service de centrale d&rsquo;achat s&rsquo;\u00e9tend bien au-del\u00e0 de la simple transaction. Nous offrons une solution compl\u00e8te qui couvre l&rsquo;analyse des besoins, la planification des achats, la n\u00e9gociation des contrats, la gestion des commandes et le suivi des livraisons. Notre \u00e9quipe d\u00e9di\u00e9e travaille en \u00e9troite collaboration avec vous pour comprendre vos besoins sp\u00e9cifiques et \u00e9laborer une strat\u00e9gie d&rsquo;achat personnalis\u00e9e. Cette attention m\u00e9ticuleuse aux d\u00e9tails assure non seulement une ex\u00e9cution sans faille mais \u00e9galement une am\u00e9lioration continue de vos processus d&rsquo;achat pour un avantage concurrentiel soutenu.<\/p>\n\t\t\t\t\t\t\t<img loading=\"lazy\" decoding=\"async\" src=\"https:\/\/central-purchasing.com\/wp-content\/uploads\/2023\/05\/jud-mackrill-drLKC_gGwE4-unsplash-scaled.jpg\" alt=\"jud-mackrill-drLKC_gGwE4-unsplash\" itemprop=\"image\" height=\"1707\" width=\"2560\" title=\"jud-mackrill-drLKC_gGwE4-unsplash\" onerror=\"this.style.display='none'\"  sizes=\"auto, (max-width: 768px) 100vw, 100vw\" srcset=\"https:\/\/central-purchasing.com\/wp-content\/uploads\/2023\/05\/jud-mackrill-drLKC_gGwE4-unsplash-scaled.jpg 2560w, https:\/\/central-purchasing.com\/wp-content\/uploads\/2023\/05\/jud-mackrill-drLKC_gGwE4-unsplash-300x200.jpg 300w, https:\/\/central-purchasing.com\/wp-content\/uploads\/2023\/05\/jud-mackrill-drLKC_gGwE4-unsplash-1024x683.jpg 1024w, https:\/\/central-purchasing.com\/wp-content\/uploads\/2023\/05\/jud-mackrill-drLKC_gGwE4-unsplash-768x512.jpg 768w, https:\/\/central-purchasing.com\/wp-content\/uploads\/2023\/05\/jud-mackrill-drLKC_gGwE4-unsplash-1536x1024.jpg 1536w, https:\/\/central-purchasing.com\/wp-content\/uploads\/2023\/05\/jud-mackrill-drLKC_gGwE4-unsplash-2048x1365.jpg 2048w, https:\/\/central-purchasing.com\/wp-content\/uploads\/2023\/05\/jud-mackrill-drLKC_gGwE4-unsplash-1260x840.jpg 1260w, https:\/\/central-purchasing.com\/wp-content\/uploads\/2023\/05\/jud-mackrill-drLKC_gGwE4-unsplash-630x420.jpg 630w, https:\/\/central-purchasing.com\/wp-content\/uploads\/2023\/05\/jud-mackrill-drLKC_gGwE4-unsplash-420x280.jpg 420w, https:\/\/central-purchasing.com\/wp-content\/uploads\/2023\/05\/jud-mackrill-drLKC_gGwE4-unsplash-840x560.jpg 840w, https:\/\/central-purchasing.com\/wp-content\/uploads\/2023\/05\/jud-mackrill-drLKC_gGwE4-unsplash-315x210.jpg 315w\" \/>\t\t\t\t\t\t\t\n\n<\/div><!-- .vgblk-rw-wrapper -->","protected":false},"excerpt":{"rendered":"<p>Maximisation de la Valeur par l&rsquo;Achat Centralis\u00e9 Chez CENTRAL PURCHASING SARL, nous croyons fermement que la centralisation de l&rsquo;achat est essentielle pour optimiser les co\u00fbts et accro\u00eetre l&rsquo;efficacit\u00e9. En nous&#8230;<\/p>","protected":false},"author":1,"featured_media":0,"parent":0,"menu_order":0,"comment_status":"closed","ping_status":"closed","template":"","meta":{"inline_featured_image":false,"_price":"","_stock":"","_tribe_ticket_header":"","_tribe_default_ticket_provider":"","_tribe_ticket_capacity":"0","_ticket_start_date":"","_ticket_end_date":"","_tribe_ticket_show_description":"","_tribe_ticket_show_not_going":false,"_tribe_ticket_use_global_stock":"","_tribe_ticket_global_stock_level":"","_global_stock_mode":"","_global_stock_cap":"","_tribe_rsvp_for_event":"","_tribe_ticket_going_count":"","_tribe_ticket_not_going_count":"","_tribe_tickets_list":[],"_tribe_ticket_has_attendee_info_fields":false,"footnotes":""},"class_list":["post-987940","page","type-page","status-publish","hentry"],"yoast_head":"<!-- This site is optimized with the Yoast SEO plugin v20.8 - https:\/\/yoast.com\/wordpress\/plugins\/seo\/ -->\n<title>Centrale d\u2019achat - Streamlining Your Procurement Process, Ensuring Your Satisfaction<\/title>\n<meta name=\"robots\" content=\"index, follow, max-snippet:-1, max-image-preview:large, max-video-preview:-1\" \/>\n<link rel=\"canonical\" href=\"https:\/\/central-purchasing.com\/en\/centrale-dachat\/\" \/>\n<meta property=\"og:locale\" content=\"en_US\" \/>\n<meta property=\"og:type\" content=\"article\" \/>\n<meta property=\"og:title\" content=\"Centrale d\u2019achat - Streamlining Your Procurement Process, Ensuring Your Satisfaction\" \/>\n<meta property=\"og:description\" content=\"Maximisation de la Valeur par l&rsquo;Achat Centralis\u00e9 Chez CENTRAL PURCHASING SARL, nous croyons fermement que la centralisation de l&rsquo;achat est essentielle pour optimiser les co\u00fbts et accro\u00eetre l&rsquo;efficacit\u00e9. En nous...\" \/>\n<meta property=\"og:url\" content=\"https:\/\/central-purchasing.com\/en\/centrale-dachat\/\" \/>\n<meta property=\"og:site_name\" content=\"- Streamlining Your Procurement Process, Ensuring Your Satisfaction\" \/>\n<meta property=\"article:modified_time\" content=\"2024-03-14T15:51:38+00:00\" \/>\n<meta property=\"og:image\" content=\"https:\/\/central-purchasing.com\/wp-content\/uploads\/2023\/05\/jud-mackrill-drLKC_gGwE4-unsplash-scaled.jpg\" \/>\n<meta name=\"twitter:card\" content=\"summary_large_image\" \/>\n<meta name=\"twitter:label1\" content=\"Est. reading time\" \/>\n\t<meta name=\"twitter:data1\" content=\"2 minutes\" \/>\n<script type=\"application\/ld+json\" class=\"yoast-schema-graph\">{\"@context\":\"https:\/\/schema.org\",\"@graph\":[{\"@type\":\"WebPage\",\"@id\":\"https:\/\/central-purchasing.com\/centrale-dachat\/\",\"url\":\"https:\/\/central-purchasing.com\/centrale-dachat\/\",\"name\":\"Centrale d\u2019achat - Streamlining Your Procurement Process, Ensuring Your Satisfaction\",\"isPartOf\":{\"@id\":\"https:\/\/central-purchasing.com\/#website\"},\"datePublished\":\"2024-03-12T16:05:56+00:00\",\"dateModified\":\"2024-03-14T15:51:38+00:00\",\"breadcrumb\":{\"@id\":\"https:\/\/central-purchasing.com\/centrale-dachat\/#breadcrumb\"},\"inLanguage\":\"en-US\",\"potentialAction\":[{\"@type\":\"ReadAction\",\"target\":[\"https:\/\/central-purchasing.com\/centrale-dachat\/\"]}]},{\"@type\":\"BreadcrumbList\",\"@id\":\"https:\/\/central-purchasing.com\/centrale-dachat\/#breadcrumb\",\"itemListElement\":[{\"@type\":\"ListItem\",\"position\":1,\"name\":\"Home\",\"item\":\"https:\/\/central-purchasing.com\/\"},{\"@type\":\"ListItem\",\"position\":2,\"name\":\"Centrale d\u2019achat\"}]},{\"@type\":\"WebSite\",\"@id\":\"https:\/\/central-purchasing.com\/#website\",\"url\":\"https:\/\/central-purchasing.com\/\",\"name\":\"- Streamlining Your Procurement Process, Ensuring Your Satisfaction\",\"description\":\"\",\"publisher\":{\"@id\":\"https:\/\/central-purchasing.com\/#organization\"},\"potentialAction\":[{\"@type\":\"SearchAction\",\"target\":{\"@type\":\"EntryPoint\",\"urlTemplate\":\"https:\/\/central-purchasing.com\/?s={search_term_string}\"},\"query-input\":\"required name=search_term_string\"}],\"inLanguage\":\"en-US\"},{\"@type\":\"Organization\",\"@id\":\"https:\/\/central-purchasing.com\/#organization\",\"name\":\"- Streamlining Your Procurement Process, Ensuring Your Satisfaction\",\"url\":\"https:\/\/central-purchasing.com\/\",\"logo\":{\"@type\":\"ImageObject\",\"inLanguage\":\"en-US\",\"@id\":\"https:\/\/central-purchasing.com\/#\/schema\/logo\/image\/\",\"url\":\"https:\/\/central-purchasing.com\/wp-content\/uploads\/2024\/03\/cropped-logo-pur-1.png\",\"contentUrl\":\"https:\/\/central-purchasing.com\/wp-content\/uploads\/2024\/03\/cropped-logo-pur-1.png\",\"width\":407,\"height\":170,\"caption\":\"-  Streamlining Your Procurement Process, Ensuring Your Satisfaction\"},\"image\":{\"@id\":\"https:\/\/central-purchasing.com\/#\/schema\/logo\/image\/\"}}]}<\/script>\n<!-- \/ Yoast SEO plugin. -->","yoast_head_json":{"title":"Centrale d\u2019achat - Streamlining Your Procurement Process, Ensuring Your Satisfaction","robots":{"index":"index","follow":"follow","max-snippet":"max-snippet:-1","max-image-preview":"max-image-preview:large","max-video-preview":"max-video-preview:-1"},"canonical":"https:\/\/central-purchasing.com\/en\/centrale-dachat\/","og_locale":"en_US","og_type":"article","og_title":"Centrale d\u2019achat - Streamlining Your Procurement Process, Ensuring Your Satisfaction","og_description":"Maximisation de la Valeur par l&rsquo;Achat Centralis\u00e9 Chez CENTRAL PURCHASING SARL, nous croyons fermement que la centralisation de l&rsquo;achat est essentielle pour optimiser les co\u00fbts et accro\u00eetre l&rsquo;efficacit\u00e9. En nous...","og_url":"https:\/\/central-purchasing.com\/en\/centrale-dachat\/","og_site_name":"- Streamlining Your Procurement Process, Ensuring Your Satisfaction","article_modified_time":"2024-03-14T15:51:38+00:00","og_image":[{"url":"https:\/\/central-purchasing.com\/wp-content\/uploads\/2023\/05\/jud-mackrill-drLKC_gGwE4-unsplash-scaled.jpg"}],"twitter_card":"summary_large_image","twitter_misc":{"Est. reading time":"2 minutes"},"schema":{"@context":"https:\/\/schema.org","@graph":[{"@type":"WebPage","@id":"https:\/\/central-purchasing.com\/centrale-dachat\/","url":"https:\/\/central-purchasing.com\/centrale-dachat\/","name":"Centrale d\u2019achat - Streamlining Your Procurement Process, Ensuring Your Satisfaction","isPartOf":{"@id":"https:\/\/central-purchasing.com\/#website"},"datePublished":"2024-03-12T16:05:56+00:00","dateModified":"2024-03-14T15:51:38+00:00","breadcrumb":{"@id":"https:\/\/central-purchasing.com\/centrale-dachat\/#breadcrumb"},"inLanguage":"en-US","potentialAction":[{"@type":"ReadAction","target":["https:\/\/central-purchasing.com\/centrale-dachat\/"]}]},{"@type":"BreadcrumbList","@id":"https:\/\/central-purchasing.com\/centrale-dachat\/#breadcrumb","itemListElement":[{"@type":"ListItem","position":1,"name":"Home","item":"https:\/\/central-purchasing.com\/"},{"@type":"ListItem","position":2,"name":"Centrale d\u2019achat"}]},{"@type":"WebSite","@id":"https:\/\/central-purchasing.com\/#website","url":"https:\/\/central-purchasing.com\/","name":"- Streamlining Your Procurement Process, Ensuring Your Satisfaction","description":"","publisher":{"@id":"https:\/\/central-purchasing.com\/#organization"},"potentialAction":[{"@type":"SearchAction","target":{"@type":"EntryPoint","urlTemplate":"https:\/\/central-purchasing.com\/?s={search_term_string}"},"query-input":"required name=search_term_string"}],"inLanguage":"en-US"},{"@type":"Organization","@id":"https:\/\/central-purchasing.com\/#organization","name":"- Streamlining Your Procurement Process, Ensuring Your Satisfaction","url":"https:\/\/central-purchasing.com\/","logo":{"@type":"ImageObject","inLanguage":"en-US","@id":"https:\/\/central-purchasing.com\/#\/schema\/logo\/image\/","url":"https:\/\/central-purchasing.com\/wp-content\/uploads\/2024\/03\/cropped-logo-pur-1.png","contentUrl":"https:\/\/central-purchasing.com\/wp-content\/uploads\/2024\/03\/cropped-logo-pur-1.png","width":407,"height":170,"caption":"-  Streamlining Your Procurement Process, Ensuring Your Satisfaction"},"image":{"@id":"https:\/\/central-purchasing.com\/#\/schema\/logo\/image\/"}}]}},"_links":{"self":[{"href":"https:\/\/central-purchasing.com\/en\/wp-json\/wp\/v2\/pages\/987940","targetHints":{"allow":["GET"]}}],"collection":[{"href":"https:\/\/central-purchasing.com\/en\/wp-json\/wp\/v2\/pages"}],"about":[{"href":"https:\/\/central-purchasing.com\/en\/wp-json\/wp\/v2\/types\/page"}],"author":[{"embeddable":true,"href":"https:\/\/central-purchasing.com\/en\/wp-json\/wp\/v2\/users\/1"}],"replies":[{"embeddable":true,"href":"https:\/\/central-purchasing.com\/en\/wp-json\/wp\/v2\/comments?post=987940"}],"version-history":[{"count":3,"href":"https:\/\/central-purchasing.com\/en\/wp-json\/wp\/v2\/pages\/987940\/revisions"}],"predecessor-version":[{"id":987959,"href":"https:\/\/central-purchasing.com\/en\/wp-json\/wp\/v2\/pages\/987940\/revisions\/987959"}],"wp:attachment":[{"href":"https:\/\/central-purchasing.com\/en\/wp-json\/wp\/v2\/media?parent=987940"}],"curies":[{"name":"wp","href":"https:\/\/api.w.org\/{rel}","templated":true}]}}