{"id":987948,"date":"2024-03-12T16:10:31","date_gmt":"2024-03-12T16:10:31","guid":{"rendered":"https:\/\/central.medyouin.com\/?page_id=987948"},"modified":"2024-03-14T15:55:20","modified_gmt":"2024-03-14T15:55:20","slug":"service-generaux-maintenance-et-entretien","status":"publish","type":"page","link":"https:\/\/central-purchasing.com\/en\/service-generaux-maintenance-et-entretien\/","title":{"rendered":"General Maintenance and Upkeep Services"},"content":{"rendered":"<div class=\"vgblk-rw-wrapper limit-wrapper\">\n<h2>\n\tExcellence in Preventive and Corrective Maintenance\n\t<\/h2>\n\t<p>Nos services g\u00e9n\u00e9raux de maintenance et d&rsquo;entretien sont con\u00e7us pour garantir l&rsquo;int\u00e9grit\u00e9 et la performance de vos op\u00e9rations. Une maintenance pr\u00e9ventive r\u00e9guli\u00e8re est la cl\u00e9 pour \u00e9viter les pannes et les interruptions co\u00fbteuses. Nos programmes sont d\u00e9velopp\u00e9s pour anticiper les besoins avant qu&rsquo;ils ne deviennent des probl\u00e8mes, gr\u00e2ce \u00e0 des diagnostics r\u00e9guliers et des interventions rapides. En cas de n\u00e9cessit\u00e9, nos \u00e9quipes de maintenance corrective sont pr\u00eates \u00e0 intervenir pour r\u00e9tablir vos op\u00e9rations avec le minimum de d\u00e9lai.<\/p>\n<h3>\n\tAdaptabilit\u00e9 et R\u00e9activit\u00e9 des Services d&rsquo;Entretien\n\t<\/h3>\n\t<p>Chaque entreprise est unique, et nos programmes d&rsquo;entretien sont personnalis\u00e9s pour r\u00e9pondre \u00e0 vos besoins sp\u00e9cifiques. Nous fournissons des services complets pour entretenir vos installations, vos \u00e9quipements et votre infrastructure. En utilisant les derni\u00e8res technologies et pratiques dans le domaine de la maintenance, nous assurons une gestion des actifs efficace et proactive, vous permettant ainsi de vous concentrer sur votre c\u0153ur de m\u00e9tier, en toute confiance que vos op\u00e9rations se d\u00e9roulent sans accroc.<\/p>\n\t\t\t\t\t\t\t<img loading=\"lazy\" decoding=\"async\" src=\"https:\/\/central-purchasing.com\/wp-content\/uploads\/2023\/05\/jud-mackrill-drLKC_gGwE4-unsplash-scaled.jpg\" alt=\"jud-mackrill-drLKC_gGwE4-unsplash\" itemprop=\"image\" height=\"1707\" width=\"2560\" title=\"jud-mackrill-drLKC_gGwE4-unsplash\" onerror=\"this.style.display='none'\"  sizes=\"auto, (max-width: 768px) 100vw, 100vw\" srcset=\"https:\/\/central-purchasing.com\/wp-content\/uploads\/2023\/05\/jud-mackrill-drLKC_gGwE4-unsplash-scaled.jpg 2560w, https:\/\/central-purchasing.com\/wp-content\/uploads\/2023\/05\/jud-mackrill-drLKC_gGwE4-unsplash-300x200.jpg 300w, https:\/\/central-purchasing.com\/wp-content\/uploads\/2023\/05\/jud-mackrill-drLKC_gGwE4-unsplash-1024x683.jpg 1024w, https:\/\/central-purchasing.com\/wp-content\/uploads\/2023\/05\/jud-mackrill-drLKC_gGwE4-unsplash-768x512.jpg 768w, https:\/\/central-purchasing.com\/wp-content\/uploads\/2023\/05\/jud-mackrill-drLKC_gGwE4-unsplash-1536x1024.jpg 1536w, https:\/\/central-purchasing.com\/wp-content\/uploads\/2023\/05\/jud-mackrill-drLKC_gGwE4-unsplash-2048x1365.jpg 2048w, https:\/\/central-purchasing.com\/wp-content\/uploads\/2023\/05\/jud-mackrill-drLKC_gGwE4-unsplash-1260x840.jpg 1260w, https:\/\/central-purchasing.com\/wp-content\/uploads\/2023\/05\/jud-mackrill-drLKC_gGwE4-unsplash-630x420.jpg 630w, https:\/\/central-purchasing.com\/wp-content\/uploads\/2023\/05\/jud-mackrill-drLKC_gGwE4-unsplash-420x280.jpg 420w, https:\/\/central-purchasing.com\/wp-content\/uploads\/2023\/05\/jud-mackrill-drLKC_gGwE4-unsplash-840x560.jpg 840w, https:\/\/central-purchasing.com\/wp-content\/uploads\/2023\/05\/jud-mackrill-drLKC_gGwE4-unsplash-315x210.jpg 315w\" \/>\t\t\t\t\t\t\t\n\n<\/div><!-- .vgblk-rw-wrapper -->","protected":false},"excerpt":{"rendered":"<p>Excellence en Maintenance Pr\u00e9ventive et Corrective Nos services g\u00e9n\u00e9raux de maintenance et d&rsquo;entretien sont con\u00e7us pour garantir l&rsquo;int\u00e9grit\u00e9 et la performance de vos op\u00e9rations. Une maintenance pr\u00e9ventive r\u00e9guli\u00e8re est la&#8230;<\/p>","protected":false},"author":1,"featured_media":0,"parent":0,"menu_order":0,"comment_status":"closed","ping_status":"closed","template":"","meta":{"inline_featured_image":false,"_price":"","_stock":"","_tribe_ticket_header":"","_tribe_default_ticket_provider":"","_tribe_ticket_capacity":"0","_ticket_start_date":"","_ticket_end_date":"","_tribe_ticket_show_description":"","_tribe_ticket_show_not_going":false,"_tribe_ticket_use_global_stock":"","_tribe_ticket_global_stock_level":"","_global_stock_mode":"","_global_stock_cap":"","_tribe_rsvp_for_event":"","_tribe_ticket_going_count":"","_tribe_ticket_not_going_count":"","_tribe_tickets_list":[],"_tribe_ticket_has_attendee_info_fields":false,"footnotes":""},"class_list":["post-987948","page","type-page","status-publish","hentry"],"yoast_head":"<!-- This site is optimized with the Yoast SEO plugin v20.8 - https:\/\/yoast.com\/wordpress\/plugins\/seo\/ -->\n<title>Service G\u00e9n\u00e9raux Maintenance et entretien - Streamlining Your Procurement Process, Ensuring Your Satisfaction<\/title>\n<meta name=\"robots\" content=\"index, follow, max-snippet:-1, max-image-preview:large, max-video-preview:-1\" \/>\n<link rel=\"canonical\" href=\"https:\/\/central-purchasing.com\/en\/service-generaux-maintenance-et-entretien\/\" \/>\n<meta property=\"og:locale\" content=\"en_US\" \/>\n<meta property=\"og:type\" content=\"article\" \/>\n<meta property=\"og:title\" content=\"Service G\u00e9n\u00e9raux Maintenance et entretien - Streamlining Your Procurement Process, Ensuring Your Satisfaction\" \/>\n<meta property=\"og:description\" content=\"Excellence en Maintenance Pr\u00e9ventive et Corrective Nos services g\u00e9n\u00e9raux de maintenance et d&rsquo;entretien sont con\u00e7us pour garantir l&rsquo;int\u00e9grit\u00e9 et la performance de vos op\u00e9rations. Une maintenance pr\u00e9ventive r\u00e9guli\u00e8re est la...\" \/>\n<meta property=\"og:url\" content=\"https:\/\/central-purchasing.com\/en\/service-generaux-maintenance-et-entretien\/\" \/>\n<meta property=\"og:site_name\" content=\"- Streamlining Your Procurement Process, Ensuring Your Satisfaction\" \/>\n<meta property=\"article:modified_time\" content=\"2024-03-14T15:55:20+00:00\" \/>\n<meta property=\"og:image\" content=\"https:\/\/central-purchasing.com\/wp-content\/uploads\/2023\/05\/jud-mackrill-drLKC_gGwE4-unsplash-scaled.jpg\" \/>\n<meta name=\"twitter:card\" content=\"summary_large_image\" \/>\n<meta name=\"twitter:label1\" content=\"Est. reading time\" \/>\n\t<meta name=\"twitter:data1\" content=\"2 minutes\" \/>\n<script type=\"application\/ld+json\" class=\"yoast-schema-graph\">{\"@context\":\"https:\/\/schema.org\",\"@graph\":[{\"@type\":\"WebPage\",\"@id\":\"https:\/\/central-purchasing.com\/service-generaux-maintenance-et-entretien\/\",\"url\":\"https:\/\/central-purchasing.com\/service-generaux-maintenance-et-entretien\/\",\"name\":\"Service G\u00e9n\u00e9raux Maintenance et entretien - Streamlining Your Procurement Process, Ensuring Your Satisfaction\",\"isPartOf\":{\"@id\":\"https:\/\/central-purchasing.com\/#website\"},\"datePublished\":\"2024-03-12T16:10:31+00:00\",\"dateModified\":\"2024-03-14T15:55:20+00:00\",\"breadcrumb\":{\"@id\":\"https:\/\/central-purchasing.com\/service-generaux-maintenance-et-entretien\/#breadcrumb\"},\"inLanguage\":\"en-US\",\"potentialAction\":[{\"@type\":\"ReadAction\",\"target\":[\"https:\/\/central-purchasing.com\/service-generaux-maintenance-et-entretien\/\"]}]},{\"@type\":\"BreadcrumbList\",\"@id\":\"https:\/\/central-purchasing.com\/service-generaux-maintenance-et-entretien\/#breadcrumb\",\"itemListElement\":[{\"@type\":\"ListItem\",\"position\":1,\"name\":\"Home\",\"item\":\"https:\/\/central-purchasing.com\/\"},{\"@type\":\"ListItem\",\"position\":2,\"name\":\"Service G\u00e9n\u00e9raux Maintenance et entretien\"}]},{\"@type\":\"WebSite\",\"@id\":\"https:\/\/central-purchasing.com\/#website\",\"url\":\"https:\/\/central-purchasing.com\/\",\"name\":\"- Streamlining Your Procurement Process, Ensuring Your Satisfaction\",\"description\":\"\",\"publisher\":{\"@id\":\"https:\/\/central-purchasing.com\/#organization\"},\"potentialAction\":[{\"@type\":\"SearchAction\",\"target\":{\"@type\":\"EntryPoint\",\"urlTemplate\":\"https:\/\/central-purchasing.com\/?s={search_term_string}\"},\"query-input\":\"required name=search_term_string\"}],\"inLanguage\":\"en-US\"},{\"@type\":\"Organization\",\"@id\":\"https:\/\/central-purchasing.com\/#organization\",\"name\":\"- Streamlining Your Procurement Process, Ensuring Your Satisfaction\",\"url\":\"https:\/\/central-purchasing.com\/\",\"logo\":{\"@type\":\"ImageObject\",\"inLanguage\":\"en-US\",\"@id\":\"https:\/\/central-purchasing.com\/#\/schema\/logo\/image\/\",\"url\":\"https:\/\/central-purchasing.com\/wp-content\/uploads\/2024\/03\/cropped-logo-pur-1.png\",\"contentUrl\":\"https:\/\/central-purchasing.com\/wp-content\/uploads\/2024\/03\/cropped-logo-pur-1.png\",\"width\":407,\"height\":170,\"caption\":\"-  Streamlining Your Procurement Process, Ensuring Your Satisfaction\"},\"image\":{\"@id\":\"https:\/\/central-purchasing.com\/#\/schema\/logo\/image\/\"}}]}<\/script>\n<!-- \/ Yoast SEO plugin. -->","yoast_head_json":{"title":"Service G\u00e9n\u00e9raux Maintenance et entretien - Streamlining Your Procurement Process, Ensuring Your Satisfaction","robots":{"index":"index","follow":"follow","max-snippet":"max-snippet:-1","max-image-preview":"max-image-preview:large","max-video-preview":"max-video-preview:-1"},"canonical":"https:\/\/central-purchasing.com\/en\/service-generaux-maintenance-et-entretien\/","og_locale":"en_US","og_type":"article","og_title":"Service G\u00e9n\u00e9raux Maintenance et entretien - Streamlining Your Procurement Process, Ensuring Your Satisfaction","og_description":"Excellence en Maintenance Pr\u00e9ventive et Corrective Nos services g\u00e9n\u00e9raux de maintenance et d&rsquo;entretien sont con\u00e7us pour garantir l&rsquo;int\u00e9grit\u00e9 et la performance de vos op\u00e9rations. Une maintenance pr\u00e9ventive r\u00e9guli\u00e8re est la...","og_url":"https:\/\/central-purchasing.com\/en\/service-generaux-maintenance-et-entretien\/","og_site_name":"- Streamlining Your Procurement Process, Ensuring Your Satisfaction","article_modified_time":"2024-03-14T15:55:20+00:00","og_image":[{"url":"https:\/\/central-purchasing.com\/wp-content\/uploads\/2023\/05\/jud-mackrill-drLKC_gGwE4-unsplash-scaled.jpg"}],"twitter_card":"summary_large_image","twitter_misc":{"Est. reading time":"2 minutes"},"schema":{"@context":"https:\/\/schema.org","@graph":[{"@type":"WebPage","@id":"https:\/\/central-purchasing.com\/service-generaux-maintenance-et-entretien\/","url":"https:\/\/central-purchasing.com\/service-generaux-maintenance-et-entretien\/","name":"Service G\u00e9n\u00e9raux Maintenance et entretien - Streamlining Your Procurement Process, Ensuring Your Satisfaction","isPartOf":{"@id":"https:\/\/central-purchasing.com\/#website"},"datePublished":"2024-03-12T16:10:31+00:00","dateModified":"2024-03-14T15:55:20+00:00","breadcrumb":{"@id":"https:\/\/central-purchasing.com\/service-generaux-maintenance-et-entretien\/#breadcrumb"},"inLanguage":"en-US","potentialAction":[{"@type":"ReadAction","target":["https:\/\/central-purchasing.com\/service-generaux-maintenance-et-entretien\/"]}]},{"@type":"BreadcrumbList","@id":"https:\/\/central-purchasing.com\/service-generaux-maintenance-et-entretien\/#breadcrumb","itemListElement":[{"@type":"ListItem","position":1,"name":"Home","item":"https:\/\/central-purchasing.com\/"},{"@type":"ListItem","position":2,"name":"Service G\u00e9n\u00e9raux Maintenance et entretien"}]},{"@type":"WebSite","@id":"https:\/\/central-purchasing.com\/#website","url":"https:\/\/central-purchasing.com\/","name":"- Streamlining Your Procurement Process, Ensuring Your Satisfaction","description":"","publisher":{"@id":"https:\/\/central-purchasing.com\/#organization"},"potentialAction":[{"@type":"SearchAction","target":{"@type":"EntryPoint","urlTemplate":"https:\/\/central-purchasing.com\/?s={search_term_string}"},"query-input":"required name=search_term_string"}],"inLanguage":"en-US"},{"@type":"Organization","@id":"https:\/\/central-purchasing.com\/#organization","name":"- Streamlining Your Procurement Process, Ensuring Your Satisfaction","url":"https:\/\/central-purchasing.com\/","logo":{"@type":"ImageObject","inLanguage":"en-US","@id":"https:\/\/central-purchasing.com\/#\/schema\/logo\/image\/","url":"https:\/\/central-purchasing.com\/wp-content\/uploads\/2024\/03\/cropped-logo-pur-1.png","contentUrl":"https:\/\/central-purchasing.com\/wp-content\/uploads\/2024\/03\/cropped-logo-pur-1.png","width":407,"height":170,"caption":"-  Streamlining Your Procurement Process, Ensuring Your Satisfaction"},"image":{"@id":"https:\/\/central-purchasing.com\/#\/schema\/logo\/image\/"}}]}},"_links":{"self":[{"href":"https:\/\/central-purchasing.com\/en\/wp-json\/wp\/v2\/pages\/987948","targetHints":{"allow":["GET"]}}],"collection":[{"href":"https:\/\/central-purchasing.com\/en\/wp-json\/wp\/v2\/pages"}],"about":[{"href":"https:\/\/central-purchasing.com\/en\/wp-json\/wp\/v2\/types\/page"}],"author":[{"embeddable":true,"href":"https:\/\/central-purchasing.com\/en\/wp-json\/wp\/v2\/users\/1"}],"replies":[{"embeddable":true,"href":"https:\/\/central-purchasing.com\/en\/wp-json\/wp\/v2\/comments?post=987948"}],"version-history":[{"count":2,"href":"https:\/\/central-purchasing.com\/en\/wp-json\/wp\/v2\/pages\/987948\/revisions"}],"predecessor-version":[{"id":987962,"href":"https:\/\/central-purchasing.com\/en\/wp-json\/wp\/v2\/pages\/987948\/revisions\/987962"}],"wp:attachment":[{"href":"https:\/\/central-purchasing.com\/en\/wp-json\/wp\/v2\/media?parent=987948"}],"curies":[{"name":"wp","href":"https:\/\/api.w.org\/{rel}","templated":true}]}}