{"id":987968,"date":"2024-03-13T11:01:09","date_gmt":"2024-03-13T11:01:09","guid":{"rendered":"https:\/\/central.medyouin.com\/?page_id=987968"},"modified":"2024-03-14T16:01:37","modified_gmt":"2024-03-14T16:01:37","slug":"avantage-salaries","status":"publish","type":"page","link":"https:\/\/central-purchasing.com\/en\/avantage-salaries\/","title":{"rendered":"Employee Benefit"},"content":{"rendered":"<div class=\"vgblk-rw-wrapper limit-wrapper\">\n<h2>\n\tEmployee Privileges Program\n\t<\/h2>\n\t<p>Chez CENTRAL PURCHASING SARL, nous comprenons que le c\u0153ur de toute entreprise prosp\u00e8re r\u00e9side dans son capital humain. C&rsquo;est pourquoi notre programme &lsquo;Avantage Salari\u00e9s&rsquo; est con\u00e7u pour enrichir la vie professionnelle et personnelle de vos employ\u00e9s. Nous offrons un ensemble de b\u00e9n\u00e9fices n\u00e9goci\u00e9s, tels que des remises exclusives, des conditions pr\u00e9f\u00e9rentielles sur une gamme de produits et services, et des offres sp\u00e9ciales, tous choisis pour augmenter la satisfaction et la fid\u00e9lisation des salari\u00e9s. Ce programme refl\u00e8te notre engagement \u00e0 cr\u00e9er un environnement de travail valorisant, o\u00f9 chaque contribution est reconnue et r\u00e9compens\u00e9e.<\/p>\n<h3>\n\tStrengthening Cohesion and Productivity\n\t<\/h3>\n<p>Les avantages propos\u00e9s par le programme &lsquo;Avantage Salari\u00e9s&rsquo; vont au-del\u00e0 des \u00e9conomies financi\u00e8res pour les employ\u00e9s. Ils sont \u00e9galement un outil puissant pour renforcer l&rsquo;esprit d&rsquo;\u00e9quipe et la coh\u00e9sion interne. En facilitant l&rsquo;acc\u00e8s \u00e0 des services de qualit\u00e9 qui am\u00e9liorent le quotidien, nous aidons les entreprises \u00e0 cr\u00e9er une culture de travail dynamique et positive. Cela se traduit in\u00e9vitablement par une productivit\u00e9 accrue, car des employ\u00e9s heureux et bien pris en charge sont des employ\u00e9s motiv\u00e9s et engag\u00e9s dans le succ\u00e8s de votre entreprise.<\/p>\n\t\t\t\t\t\t\t<img loading=\"lazy\" decoding=\"async\" src=\"https:\/\/central-purchasing.com\/wp-content\/uploads\/2023\/05\/jud-mackrill-drLKC_gGwE4-unsplash-scaled.jpg\" alt=\"jud-mackrill-drLKC_gGwE4-unsplash\" itemprop=\"image\" height=\"1707\" width=\"2560\" title=\"jud-mackrill-drLKC_gGwE4-unsplash\" onerror=\"this.style.display='none'\"  sizes=\"auto, (max-width: 768px) 100vw, 100vw\" srcset=\"https:\/\/central-purchasing.com\/wp-content\/uploads\/2023\/05\/jud-mackrill-drLKC_gGwE4-unsplash-scaled.jpg 2560w, https:\/\/central-purchasing.com\/wp-content\/uploads\/2023\/05\/jud-mackrill-drLKC_gGwE4-unsplash-300x200.jpg 300w, https:\/\/central-purchasing.com\/wp-content\/uploads\/2023\/05\/jud-mackrill-drLKC_gGwE4-unsplash-1024x683.jpg 1024w, https:\/\/central-purchasing.com\/wp-content\/uploads\/2023\/05\/jud-mackrill-drLKC_gGwE4-unsplash-768x512.jpg 768w, https:\/\/central-purchasing.com\/wp-content\/uploads\/2023\/05\/jud-mackrill-drLKC_gGwE4-unsplash-1536x1024.jpg 1536w, https:\/\/central-purchasing.com\/wp-content\/uploads\/2023\/05\/jud-mackrill-drLKC_gGwE4-unsplash-2048x1365.jpg 2048w, https:\/\/central-purchasing.com\/wp-content\/uploads\/2023\/05\/jud-mackrill-drLKC_gGwE4-unsplash-1260x840.jpg 1260w, https:\/\/central-purchasing.com\/wp-content\/uploads\/2023\/05\/jud-mackrill-drLKC_gGwE4-unsplash-630x420.jpg 630w, https:\/\/central-purchasing.com\/wp-content\/uploads\/2023\/05\/jud-mackrill-drLKC_gGwE4-unsplash-420x280.jpg 420w, https:\/\/central-purchasing.com\/wp-content\/uploads\/2023\/05\/jud-mackrill-drLKC_gGwE4-unsplash-840x560.jpg 840w, https:\/\/central-purchasing.com\/wp-content\/uploads\/2023\/05\/jud-mackrill-drLKC_gGwE4-unsplash-315x210.jpg 315w\" \/>\t\t\t\t\t\t\t\n\n<\/div><!-- .vgblk-rw-wrapper -->","protected":false},"excerpt":{"rendered":"<p>Programme de Privil\u00e8ges pour Employ\u00e9s Chez CENTRAL PURCHASING SARL, nous comprenons que le c\u0153ur de toute entreprise prosp\u00e8re r\u00e9side dans son capital humain. C&rsquo;est pourquoi notre programme &lsquo;Avantage Salari\u00e9s&rsquo; est&#8230;<\/p>","protected":false},"author":1,"featured_media":0,"parent":0,"menu_order":0,"comment_status":"closed","ping_status":"closed","template":"","meta":{"inline_featured_image":false,"_price":"","_stock":"","_tribe_ticket_header":"","_tribe_default_ticket_provider":"","_tribe_ticket_capacity":"0","_ticket_start_date":"","_ticket_end_date":"","_tribe_ticket_show_description":"","_tribe_ticket_show_not_going":false,"_tribe_ticket_use_global_stock":"","_tribe_ticket_global_stock_level":"","_global_stock_mode":"","_global_stock_cap":"","_tribe_rsvp_for_event":"","_tribe_ticket_going_count":"","_tribe_ticket_not_going_count":"","_tribe_tickets_list":[],"_tribe_ticket_has_attendee_info_fields":false,"footnotes":""},"class_list":["post-987968","page","type-page","status-publish","hentry"],"yoast_head":"<!-- This site is optimized with the Yoast SEO plugin v20.8 - https:\/\/yoast.com\/wordpress\/plugins\/seo\/ -->\n<title>Avantage Salari\u00e9s - Streamlining Your Procurement Process, Ensuring Your Satisfaction<\/title>\n<meta name=\"robots\" content=\"index, follow, max-snippet:-1, max-image-preview:large, max-video-preview:-1\" \/>\n<link rel=\"canonical\" href=\"https:\/\/central-purchasing.com\/en\/avantage-salaries\/\" \/>\n<meta property=\"og:locale\" content=\"en_US\" \/>\n<meta property=\"og:type\" content=\"article\" \/>\n<meta property=\"og:title\" content=\"Avantage Salari\u00e9s - Streamlining Your Procurement Process, Ensuring Your Satisfaction\" \/>\n<meta property=\"og:description\" content=\"Programme de Privil\u00e8ges pour Employ\u00e9s Chez CENTRAL PURCHASING SARL, nous comprenons que le c\u0153ur de toute entreprise prosp\u00e8re r\u00e9side dans son capital humain. C&rsquo;est pourquoi notre programme &lsquo;Avantage Salari\u00e9s&rsquo; est...\" \/>\n<meta property=\"og:url\" content=\"https:\/\/central-purchasing.com\/en\/avantage-salaries\/\" \/>\n<meta property=\"og:site_name\" content=\"- Streamlining Your Procurement Process, Ensuring Your Satisfaction\" \/>\n<meta property=\"article:modified_time\" content=\"2024-03-14T16:01:37+00:00\" \/>\n<meta property=\"og:image\" content=\"https:\/\/central-purchasing.com\/wp-content\/uploads\/2023\/05\/jud-mackrill-drLKC_gGwE4-unsplash-scaled.jpg\" \/>\n<meta name=\"twitter:card\" content=\"summary_large_image\" \/>\n<meta name=\"twitter:label1\" content=\"Est. reading time\" \/>\n\t<meta name=\"twitter:data1\" content=\"2 minutes\" \/>\n<script type=\"application\/ld+json\" class=\"yoast-schema-graph\">{\"@context\":\"https:\/\/schema.org\",\"@graph\":[{\"@type\":\"WebPage\",\"@id\":\"https:\/\/central-purchasing.com\/avantage-salaries\/\",\"url\":\"https:\/\/central-purchasing.com\/avantage-salaries\/\",\"name\":\"Avantage Salari\u00e9s - Streamlining Your Procurement Process, Ensuring Your Satisfaction\",\"isPartOf\":{\"@id\":\"https:\/\/central-purchasing.com\/#website\"},\"datePublished\":\"2024-03-13T11:01:09+00:00\",\"dateModified\":\"2024-03-14T16:01:37+00:00\",\"breadcrumb\":{\"@id\":\"https:\/\/central-purchasing.com\/avantage-salaries\/#breadcrumb\"},\"inLanguage\":\"en-US\",\"potentialAction\":[{\"@type\":\"ReadAction\",\"target\":[\"https:\/\/central-purchasing.com\/avantage-salaries\/\"]}]},{\"@type\":\"BreadcrumbList\",\"@id\":\"https:\/\/central-purchasing.com\/avantage-salaries\/#breadcrumb\",\"itemListElement\":[{\"@type\":\"ListItem\",\"position\":1,\"name\":\"Home\",\"item\":\"https:\/\/central-purchasing.com\/\"},{\"@type\":\"ListItem\",\"position\":2,\"name\":\"Avantage Salari\u00e9s\"}]},{\"@type\":\"WebSite\",\"@id\":\"https:\/\/central-purchasing.com\/#website\",\"url\":\"https:\/\/central-purchasing.com\/\",\"name\":\"- Streamlining Your Procurement Process, Ensuring Your Satisfaction\",\"description\":\"\",\"publisher\":{\"@id\":\"https:\/\/central-purchasing.com\/#organization\"},\"potentialAction\":[{\"@type\":\"SearchAction\",\"target\":{\"@type\":\"EntryPoint\",\"urlTemplate\":\"https:\/\/central-purchasing.com\/?s={search_term_string}\"},\"query-input\":\"required name=search_term_string\"}],\"inLanguage\":\"en-US\"},{\"@type\":\"Organization\",\"@id\":\"https:\/\/central-purchasing.com\/#organization\",\"name\":\"- Streamlining Your Procurement Process, Ensuring Your Satisfaction\",\"url\":\"https:\/\/central-purchasing.com\/\",\"logo\":{\"@type\":\"ImageObject\",\"inLanguage\":\"en-US\",\"@id\":\"https:\/\/central-purchasing.com\/#\/schema\/logo\/image\/\",\"url\":\"https:\/\/central-purchasing.com\/wp-content\/uploads\/2024\/03\/cropped-logo-pur-1.png\",\"contentUrl\":\"https:\/\/central-purchasing.com\/wp-content\/uploads\/2024\/03\/cropped-logo-pur-1.png\",\"width\":407,\"height\":170,\"caption\":\"-  Streamlining Your Procurement Process, Ensuring Your Satisfaction\"},\"image\":{\"@id\":\"https:\/\/central-purchasing.com\/#\/schema\/logo\/image\/\"}}]}<\/script>\n<!-- \/ Yoast SEO plugin. -->","yoast_head_json":{"title":"Avantage Salari\u00e9s - Streamlining Your Procurement Process, Ensuring Your Satisfaction","robots":{"index":"index","follow":"follow","max-snippet":"max-snippet:-1","max-image-preview":"max-image-preview:large","max-video-preview":"max-video-preview:-1"},"canonical":"https:\/\/central-purchasing.com\/en\/avantage-salaries\/","og_locale":"en_US","og_type":"article","og_title":"Avantage Salari\u00e9s - Streamlining Your Procurement Process, Ensuring Your Satisfaction","og_description":"Programme de Privil\u00e8ges pour Employ\u00e9s Chez CENTRAL PURCHASING SARL, nous comprenons que le c\u0153ur de toute entreprise prosp\u00e8re r\u00e9side dans son capital humain. C&rsquo;est pourquoi notre programme &lsquo;Avantage Salari\u00e9s&rsquo; est...","og_url":"https:\/\/central-purchasing.com\/en\/avantage-salaries\/","og_site_name":"- Streamlining Your Procurement Process, Ensuring Your Satisfaction","article_modified_time":"2024-03-14T16:01:37+00:00","og_image":[{"url":"https:\/\/central-purchasing.com\/wp-content\/uploads\/2023\/05\/jud-mackrill-drLKC_gGwE4-unsplash-scaled.jpg"}],"twitter_card":"summary_large_image","twitter_misc":{"Est. reading time":"2 minutes"},"schema":{"@context":"https:\/\/schema.org","@graph":[{"@type":"WebPage","@id":"https:\/\/central-purchasing.com\/avantage-salaries\/","url":"https:\/\/central-purchasing.com\/avantage-salaries\/","name":"Avantage Salari\u00e9s - Streamlining Your Procurement Process, Ensuring Your Satisfaction","isPartOf":{"@id":"https:\/\/central-purchasing.com\/#website"},"datePublished":"2024-03-13T11:01:09+00:00","dateModified":"2024-03-14T16:01:37+00:00","breadcrumb":{"@id":"https:\/\/central-purchasing.com\/avantage-salaries\/#breadcrumb"},"inLanguage":"en-US","potentialAction":[{"@type":"ReadAction","target":["https:\/\/central-purchasing.com\/avantage-salaries\/"]}]},{"@type":"BreadcrumbList","@id":"https:\/\/central-purchasing.com\/avantage-salaries\/#breadcrumb","itemListElement":[{"@type":"ListItem","position":1,"name":"Home","item":"https:\/\/central-purchasing.com\/"},{"@type":"ListItem","position":2,"name":"Avantage Salari\u00e9s"}]},{"@type":"WebSite","@id":"https:\/\/central-purchasing.com\/#website","url":"https:\/\/central-purchasing.com\/","name":"- Streamlining Your Procurement Process, Ensuring Your Satisfaction","description":"","publisher":{"@id":"https:\/\/central-purchasing.com\/#organization"},"potentialAction":[{"@type":"SearchAction","target":{"@type":"EntryPoint","urlTemplate":"https:\/\/central-purchasing.com\/?s={search_term_string}"},"query-input":"required name=search_term_string"}],"inLanguage":"en-US"},{"@type":"Organization","@id":"https:\/\/central-purchasing.com\/#organization","name":"- Streamlining Your Procurement Process, Ensuring Your Satisfaction","url":"https:\/\/central-purchasing.com\/","logo":{"@type":"ImageObject","inLanguage":"en-US","@id":"https:\/\/central-purchasing.com\/#\/schema\/logo\/image\/","url":"https:\/\/central-purchasing.com\/wp-content\/uploads\/2024\/03\/cropped-logo-pur-1.png","contentUrl":"https:\/\/central-purchasing.com\/wp-content\/uploads\/2024\/03\/cropped-logo-pur-1.png","width":407,"height":170,"caption":"-  Streamlining Your Procurement Process, Ensuring Your Satisfaction"},"image":{"@id":"https:\/\/central-purchasing.com\/#\/schema\/logo\/image\/"}}]}},"_links":{"self":[{"href":"https:\/\/central-purchasing.com\/en\/wp-json\/wp\/v2\/pages\/987968","targetHints":{"allow":["GET"]}}],"collection":[{"href":"https:\/\/central-purchasing.com\/en\/wp-json\/wp\/v2\/pages"}],"about":[{"href":"https:\/\/central-purchasing.com\/en\/wp-json\/wp\/v2\/types\/page"}],"author":[{"embeddable":true,"href":"https:\/\/central-purchasing.com\/en\/wp-json\/wp\/v2\/users\/1"}],"replies":[{"embeddable":true,"href":"https:\/\/central-purchasing.com\/en\/wp-json\/wp\/v2\/comments?post=987968"}],"version-history":[{"count":2,"href":"https:\/\/central-purchasing.com\/en\/wp-json\/wp\/v2\/pages\/987968\/revisions"}],"predecessor-version":[{"id":987970,"href":"https:\/\/central-purchasing.com\/en\/wp-json\/wp\/v2\/pages\/987968\/revisions\/987970"}],"wp:attachment":[{"href":"https:\/\/central-purchasing.com\/en\/wp-json\/wp\/v2\/media?parent=987968"}],"curies":[{"name":"wp","href":"https:\/\/api.w.org\/{rel}","templated":true}]}}